{"id":744,"date":"2019-11-05T11:08:20","date_gmt":"2019-11-05T11:08:20","guid":{"rendered":"http:\/\/wordpress.templaza.net\/update\/construction\/?page_id=744"},"modified":"2023-01-15T21:16:51","modified_gmt":"2023-01-15T21:16:51","slug":"isolation-thermique-et-calorifuge","status":"publish","type":"page","link":"https:\/\/mc-calorifuge.fr\/index.php\/isolation-thermique-et-calorifuge\/","title":{"rendered":"ISOLATION THERMIQUE ET CALORIFUGE"},"content":{"rendered":"<section class=\"wpb-content-wrapper\">\t\t<div data-elementor-type=\"wp-page\" data-elementor-id=\"744\" class=\"elementor elementor-744\">\n\t\t\t\t\t\t<section class=\"elementor-section elementor-top-section elementor-element elementor-element-1cf0955 elementor-section-full_width elementor-section-height-min-height elementor-section-height-default elementor-section-items-middle\" data-id=\"1cf0955\" data-element_type=\"section\" data-settings=\"{&quot;background_background&quot;:&quot;slideshow&quot;,&quot;background_slideshow_gallery&quot;:[{&quot;id&quot;:2382,&quot;url&quot;:&quot;http:\\\/\\\/mc-calorifuge.fr\\\/wp-content\\\/uploads\\\/2022\\\/12\\\/Depositphotos_349877730_XL.jpeg&quot;}],&quot;jet_parallax_layout_list&quot;:[],&quot;background_slideshow_loop&quot;:&quot;yes&quot;,&quot;background_slideshow_slide_duration&quot;:5000,&quot;background_slideshow_slide_transition&quot;:&quot;fade&quot;,&quot;background_slideshow_transition_duration&quot;:500}\">\n\t\t\t\t\t\t<div class=\"elementor-container elementor-column-gap-default\">\n\t\t\t\t\t<div class=\"elementor-column elementor-col-100 elementor-top-column elementor-element elementor-element-5a1869d\" data-id=\"5a1869d\" data-element_type=\"column\" data-settings=\"{&quot;background_background&quot;:&quot;slideshow&quot;,&quot;background_slideshow_gallery&quot;:[],&quot;background_slideshow_loop&quot;:&quot;yes&quot;,&quot;background_slideshow_slide_duration&quot;:5000,&quot;background_slideshow_slide_transition&quot;:&quot;fade&quot;,&quot;background_slideshow_transition_duration&quot;:500}\">\n\t\t\t<div class=\"elementor-widget-wrap elementor-element-populated\">\n\t\t\t\t\t\t<div class=\"elementor-element elementor-element-daa40e0 elementor-widget elementor-widget-heading\" data-id=\"daa40e0\" data-element_type=\"widget\" data-widget_type=\"heading.default\">\n\t\t\t\t<div class=\"elementor-widget-container\">\n\t\t\t<h2 class=\"elementor-heading-title elementor-size-default\">ISOLATION THERMIQUE ET CALORIFUGE<\/h2>\t\t<\/div>\n\t\t\t\t<\/div>\n\t\t\t\t\t<\/div>\n\t\t<\/div>\n\t\t\t\t\t<\/div>\n\t\t<\/section>\n\t\t\t\t<section class=\"elementor-section elementor-top-section elementor-element elementor-element-01d63ed elementor-section-boxed elementor-section-height-default elementor-section-height-default\" data-id=\"01d63ed\" data-element_type=\"section\" data-settings=\"{&quot;jet_parallax_layout_list&quot;:[]}\">\n\t\t\t\t\t\t<div class=\"elementor-container elementor-column-gap-default\">\n\t\t\t\t\t<div class=\"elementor-column elementor-col-100 elementor-top-column elementor-element elementor-element-d879838\" data-id=\"d879838\" data-element_type=\"column\">\n\t\t\t<div class=\"elementor-widget-wrap elementor-element-populated\">\n\t\t\t\t\t\t<div class=\"elementor-element elementor-element-2ce60c6 elementor-widget elementor-widget-text-editor\" data-id=\"2ce60c6\" data-element_type=\"widget\" data-widget_type=\"text-editor.default\">\n\t\t\t\t<div class=\"elementor-widget-container\">\n\t\t\t\t\t\t\t<div class=\"vc_row wpb_row vc_row-fluid vc_custom_1574244351709\"><div class=\"no_container\"><div class=\"wpb_column vc_column_container vc_col-sm-12\"><div class=\"wpb_wrapper\"><div class=\"tzElement-title tz_on_title tz-title-type-2 tz-text-align-left \"><p><b>MC CALORIFUGE<\/b><span style=\"font-weight: 400;\"> assure <\/span><span style=\"color: #ff9900;\"><a style=\"color: #ff9900;\" href=\"http:\/\/mc-calorifuge.fr\/\"><b>l\u2019isolation thermique<\/b><\/a><\/span><span style=\"font-weight: 400;\"> et l&#8217;isolation <\/span><b><i>coupe-feu<\/i><\/b> <span style=\"font-weight: 400;\">de vos b\u00e2timents professionnels en \u00cele-de-France et sur tout le territoire.\u00a0<\/span><\/p><p><span style=\"font-weight: 400;\">Des solutions qui concourent \u00e0 limiter au maximum la d\u00e9perdition thermique de vos sites dans l\u2019industrie et le tertiaire, via un ensemble de prestations sur mesure que sont :<\/span><\/p><p><span style=\"font-weight: 400;\">&#8211; Les travaux d\u2019isolation thermique de vos b\u00e2tis : r\u00e9seaux des gaines et\u00a0 tuyauteries (eau glac\u00e9e, eau chaude, Chauffage, vannes, etc.)\u00a0<\/span><\/p><p><span style=\"font-weight: 400;\">&#8211; La pose des pl\u00e2tres ou gaine de staff pour vos isolations coupe-feu\u00a0<\/span><\/p><p><span style=\"font-weight: 400;\">\u2013 Le flocage de vos murs et de vos autres supports<\/span><\/p><p><span style=\"font-weight: 400;\">Un accompagnement complet pour r\u00e9duire le co\u00fbt de vos factures d\u2019\u00e9nergie, dispens\u00e9 par une \u00e9quipe d\u2019experts qualifi\u00e9s, r\u00e9actifs et \u00e0 votre \u00e9coute.<\/span><\/p><\/div><\/div><\/div><\/div><\/div>\t\t\t\t\t\t<\/div>\n\t\t\t\t<\/div>\n\t\t\t\t\t<\/div>\n\t\t<\/div>\n\t\t\t\t\t<\/div>\n\t\t<\/section>\n\t\t\t\t<section class=\"elementor-section elementor-top-section elementor-element elementor-element-d85046a elementor-section-boxed elementor-section-height-default elementor-section-height-default\" data-id=\"d85046a\" data-element_type=\"section\" data-settings=\"{&quot;jet_parallax_layout_list&quot;:[]}\">\n\t\t\t\t\t\t<div class=\"elementor-container elementor-column-gap-default\">\n\t\t\t\t\t<div class=\"elementor-column elementor-col-100 elementor-top-column elementor-element elementor-element-f3a10c2\" data-id=\"f3a10c2\" data-element_type=\"column\">\n\t\t\t<div class=\"elementor-widget-wrap elementor-element-populated\">\n\t\t\t\t\t\t<div class=\"elementor-element elementor-element-a484808 elementor-widget elementor-widget-heading\" data-id=\"a484808\" data-element_type=\"widget\" data-widget_type=\"heading.default\">\n\t\t\t\t<div class=\"elementor-widget-container\">\n\t\t\t<h2 class=\"elementor-heading-title elementor-size-default\">CALORIFUGE : UN ENJEU DE PERFORMANCE THERMIQUE POUR LES ENTREPRISES<\/h2>\t\t<\/div>\n\t\t\t\t<\/div>\n\t\t\t\t<div class=\"elementor-element elementor-element-2d0034b elementor-widget elementor-widget-text-editor\" data-id=\"2d0034b\" data-element_type=\"widget\" data-widget_type=\"text-editor.default\">\n\t\t\t\t<div class=\"elementor-widget-container\">\n\t\t\t\t\t\t\t<p><span style=\"font-weight: 400;\">Le <\/span><span style=\"color: #ff9900;\"><a style=\"color: #ff9900;\" href=\"http:\/\/mc-calorifuge.fr\/index.php\/recherchez-vous-une-entreprise-de-calorifugeage\/\"><b>calorifuge<\/b><\/a><\/span><span style=\"font-weight: 400;\"> consiste \u00e0 isoler et prot\u00e9ger les installations de circulation d\u2019air, d\u2019eau ou de fluide contre les perturbations ext\u00e9rieures (gel, condensation ou givre).<\/span><\/p><p><span style=\"font-weight: 400;\">Un proc\u00e9d\u00e9 qui conserve l\u2019\u00e9nergie thermique de vos b\u00e2timents, tout en limitant les rejets de gaz \u00e0 effet de serre, gr\u00e2ce \u00e0 diff\u00e9rents mat\u00e9riaux isolants.<\/span><\/p><p><span style=\"font-weight: 400;\">\u2013 Le <\/span><b>calorifuge thermique<\/b><span style=\"font-weight: 400;\"> permet d\u2019isoler des tuyaux d\u2019eau chaude, de vapeur, d\u2019air ou de fluide \u00e0 des temp\u00e9ratures de plus de 1200\u00b0.<\/span><\/p><p><span style=\"font-weight: 400;\">Il s\u2019agit de tubes de chauffage, d&#8217;eau chaude sanitaire ou de fluide, rev\u00eatus d\u2019un isolant thermique adapt\u00e9.<\/span><\/p><p><span style=\"font-weight: 400;\">Ce calorifuge ainsi mis en place, limite les pertes de chaleur.<\/span><\/p><p><span style=\"font-weight: 400;\">\u2013 <\/span><b>Le calorifuge frigorifique ou anti-condensation<\/b><span style=\"font-weight: 400;\">, quant \u00e0 lui, permet d\u2019isoler des tuyauteries d\u2019eau glac\u00e9e (frigorifiques et cryog\u00e9niques) \u00e0 une temp\u00e9rature de \u2212160\u00b0 au minimum.<\/span><\/p><p><span style=\"font-weight: 400;\">Un r\u00e9seau d\u2019eau froide sanitaire ou d\u2019eau glac\u00e9e avec une temp\u00e9rature trop basse peut cr\u00e9er de la condensation, si ses tubes ne sont pas calorifug\u00e9s.<\/span><\/p>\t\t\t\t\t\t<\/div>\n\t\t\t\t<\/div>\n\t\t\t\t\t<\/div>\n\t\t<\/div>\n\t\t\t\t\t<\/div>\n\t\t<\/section>\n\t\t\t\t<section class=\"elementor-section elementor-top-section elementor-element elementor-element-f043e3b elementor-section-boxed elementor-section-height-default elementor-section-height-default\" data-id=\"f043e3b\" data-element_type=\"section\" data-settings=\"{&quot;jet_parallax_layout_list&quot;:[]}\">\n\t\t\t\t\t\t<div class=\"elementor-container elementor-column-gap-default\">\n\t\t\t\t\t<div class=\"elementor-column elementor-col-100 elementor-top-column elementor-element elementor-element-2105588\" data-id=\"2105588\" data-element_type=\"column\">\n\t\t\t<div class=\"elementor-widget-wrap elementor-element-populated\">\n\t\t\t\t\t\t<div class=\"elementor-element elementor-element-cb692c3 elementor-widget elementor-widget-heading\" data-id=\"cb692c3\" data-element_type=\"widget\" data-widget_type=\"heading.default\">\n\t\t\t\t<div class=\"elementor-widget-container\">\n\t\t\t<h2 class=\"elementor-heading-title elementor-size-default\">ISOLATION THERMIQUE : CHAQUE SITE PROFESSIONNEL A SES CONTRAINTES<\/h2>\t\t<\/div>\n\t\t\t\t<\/div>\n\t\t\t\t<div class=\"elementor-element elementor-element-7313af3 elementor-widget elementor-widget-text-editor\" data-id=\"7313af3\" data-element_type=\"widget\" data-widget_type=\"text-editor.default\">\n\t\t\t\t<div class=\"elementor-widget-container\">\n\t\t\t\t\t\t\t<p><span style=\"font-weight: 400;\">Les experts de MC CALORIFUGE vous proposent des solutions d\u2019isolation thermique personnalis\u00e9es, en ad\u00e9quation avec les sp\u00e9cificit\u00e9s de votre environnement professionnel et votre cahier des charges.<\/span><\/p><p><span style=\"font-weight: 400;\">Le <\/span><b>calorifuge industriel<\/b><span style=\"font-weight: 400;\"> r\u00e9pond au besoin d\u2019isolation technique des \u00e9quipements soumis \u00e0 de fortes contraintes thermiques, lors de la circulation des flux, le long des tuyaux ou dans des cuves.<\/span><\/p><p><span style=\"font-weight: 400;\">Un proc\u00e9d\u00e9 efficace qui permet d\u2019optimiser le transport des fluides et la performance \u00e9nerg\u00e9tique des installations pr\u00e9sentes sur le site, sans \u00a0 ruptures d\u2019exploitation et en toute s\u00e9curit\u00e9. <\/span><\/p>\t\t\t\t\t\t<\/div>\n\t\t\t\t<\/div>\n\t\t\t\t\t<\/div>\n\t\t<\/div>\n\t\t\t\t\t<\/div>\n\t\t<\/section>\n\t\t\t\t<section class=\"elementor-section elementor-top-section elementor-element elementor-element-eb4baa5 elementor-section-boxed elementor-section-height-default elementor-section-height-default\" data-id=\"eb4baa5\" data-element_type=\"section\" data-settings=\"{&quot;jet_parallax_layout_list&quot;:[]}\">\n\t\t\t\t\t\t<div class=\"elementor-container elementor-column-gap-default\">\n\t\t\t\t\t<div class=\"elementor-column elementor-col-100 elementor-top-column elementor-element elementor-element-fafa7a7\" data-id=\"fafa7a7\" data-element_type=\"column\">\n\t\t\t<div class=\"elementor-widget-wrap elementor-element-populated\">\n\t\t\t\t\t\t<div class=\"elementor-element elementor-element-b26a1a3 elementor-widget elementor-widget-image\" data-id=\"b26a1a3\" data-element_type=\"widget\" data-widget_type=\"image.default\">\n\t\t\t\t<div class=\"elementor-widget-container\">\n\t\t\t\t\t\t\t\t\t\t\t\t\t<img fetchpriority=\"high\" decoding=\"async\" width=\"1024\" height=\"683\" src=\"https:\/\/mc-calorifuge.fr\/wp-content\/uploads\/2022\/12\/Depositphotos_94643148_DS.jpeg\" class=\"attachment-large size-large wp-image-2388\" alt=\"\" srcset=\"https:\/\/mc-calorifuge.fr\/wp-content\/uploads\/2022\/12\/Depositphotos_94643148_DS.jpeg 1024w, https:\/\/mc-calorifuge.fr\/wp-content\/uploads\/2022\/12\/Depositphotos_94643148_DS-300x200.jpeg 300w, https:\/\/mc-calorifuge.fr\/wp-content\/uploads\/2022\/12\/Depositphotos_94643148_DS-768x512.jpeg 768w, https:\/\/mc-calorifuge.fr\/wp-content\/uploads\/2022\/12\/Depositphotos_94643148_DS-600x400.jpeg 600w\" sizes=\"(max-width: 1024px) 100vw, 1024px\" \/>\t\t\t\t\t\t\t\t\t\t\t\t\t<\/div>\n\t\t\t\t<\/div>\n\t\t\t\t<div class=\"elementor-element elementor-element-554a261 elementor-widget elementor-widget-image\" data-id=\"554a261\" data-element_type=\"widget\" data-widget_type=\"image.default\">\n\t\t\t\t<div class=\"elementor-widget-container\">\n\t\t\t\t\t\t\t\t\t\t\t\t\t<img decoding=\"async\" width=\"1024\" height=\"577\" src=\"https:\/\/mc-calorifuge.fr\/wp-content\/uploads\/2022\/12\/Depositphotos_102163002_DS-1-2.jpeg\" class=\"attachment-large size-large wp-image-2383\" alt=\"\" srcset=\"https:\/\/mc-calorifuge.fr\/wp-content\/uploads\/2022\/12\/Depositphotos_102163002_DS-1-2.jpeg 1024w, https:\/\/mc-calorifuge.fr\/wp-content\/uploads\/2022\/12\/Depositphotos_102163002_DS-1-2-300x169.jpeg 300w, https:\/\/mc-calorifuge.fr\/wp-content\/uploads\/2022\/12\/Depositphotos_102163002_DS-1-2-768x433.jpeg 768w, https:\/\/mc-calorifuge.fr\/wp-content\/uploads\/2022\/12\/Depositphotos_102163002_DS-1-2-800x450.jpeg 800w, https:\/\/mc-calorifuge.fr\/wp-content\/uploads\/2022\/12\/Depositphotos_102163002_DS-1-2-600x338.jpeg 600w\" sizes=\"(max-width: 1024px) 100vw, 1024px\" \/>\t\t\t\t\t\t\t\t\t\t\t\t\t<\/div>\n\t\t\t\t<\/div>\n\t\t\t\t<div class=\"elementor-element elementor-element-a80f51c elementor-widget elementor-widget-image\" data-id=\"a80f51c\" data-element_type=\"widget\" data-widget_type=\"image.default\">\n\t\t\t\t<div class=\"elementor-widget-container\">\n\t\t\t\t\t\t\t\t\t\t\t\t\t<img decoding=\"async\" width=\"1024\" height=\"581\" src=\"https:\/\/mc-calorifuge.fr\/wp-content\/uploads\/2022\/12\/Depositphotos_411267006_DS.jpeg\" class=\"attachment-large size-large wp-image-2381\" alt=\"\" srcset=\"https:\/\/mc-calorifuge.fr\/wp-content\/uploads\/2022\/12\/Depositphotos_411267006_DS.jpeg 1024w, https:\/\/mc-calorifuge.fr\/wp-content\/uploads\/2022\/12\/Depositphotos_411267006_DS-300x170.jpeg 300w, https:\/\/mc-calorifuge.fr\/wp-content\/uploads\/2022\/12\/Depositphotos_411267006_DS-768x436.jpeg 768w, https:\/\/mc-calorifuge.fr\/wp-content\/uploads\/2022\/12\/Depositphotos_411267006_DS-600x340.jpeg 600w\" sizes=\"(max-width: 1024px) 100vw, 1024px\" \/>\t\t\t\t\t\t\t\t\t\t\t\t\t<\/div>\n\t\t\t\t<\/div>\n\t\t\t\t\t<\/div>\n\t\t<\/div>\n\t\t\t\t\t<\/div>\n\t\t<\/section>\n\t\t\t\t<\/div>\n\t\t<\/section>","protected":false},"excerpt":{"rendered":"<p>ISOLATION THERMIQUE ET CALORIFUGE MC CALORIFUGE assure l\u2019isolation thermique et l&#8217;isolation coupe-feu de vos b\u00e2timents professionnels en \u00cele-de-France et sur tout le territoire.\u00a0 Des solutions qui concourent \u00e0 limiter au maximum la d\u00e9perdition thermique de vos sites dans l\u2019industrie et le tertiaire, via un ensemble de prestations sur mesure que sont : &#8211; Les travaux [&hellip;]<\/p>\n","protected":false},"author":3,"featured_media":0,"parent":0,"menu_order":0,"comment_status":"closed","ping_status":"closed","template":"elementor_header_footer","meta":{"ocean_post_layout":"","ocean_both_sidebars_style":"","ocean_both_sidebars_content_width":0,"ocean_both_sidebars_sidebars_width":0,"ocean_sidebar":"0","ocean_second_sidebar":"0","ocean_disable_margins":"enable","ocean_add_body_class":"","ocean_shortcode_before_top_bar":"","ocean_shortcode_after_top_bar":"","ocean_shortcode_before_header":"","ocean_shortcode_after_header":"","ocean_has_shortcode":"","ocean_shortcode_after_title":"","ocean_shortcode_before_footer_widgets":"","ocean_shortcode_after_footer_widgets":"","ocean_shortcode_before_footer_bottom":"","ocean_shortcode_after_footer_bottom":"","ocean_display_top_bar":"default","ocean_display_header":"default","ocean_header_style":"","ocean_center_header_left_menu":"0","ocean_custom_header_template":"0","ocean_custom_logo":0,"ocean_custom_retina_logo":0,"ocean_custom_logo_max_width":0,"ocean_custom_logo_tablet_max_width":0,"ocean_custom_logo_mobile_max_width":0,"ocean_custom_logo_max_height":0,"ocean_custom_logo_tablet_max_height":0,"ocean_custom_logo_mobile_max_height":0,"ocean_header_custom_menu":"0","ocean_menu_typo_font_family":"0","ocean_menu_typo_font_subset":"","ocean_menu_typo_font_size":0,"ocean_menu_typo_font_size_tablet":0,"ocean_menu_typo_font_size_mobile":0,"ocean_menu_typo_font_size_unit":"px","ocean_menu_typo_font_weight":"","ocean_menu_typo_font_weight_tablet":"","ocean_menu_typo_font_weight_mobile":"","ocean_menu_typo_transform":"","ocean_menu_typo_transform_tablet":"","ocean_menu_typo_transform_mobile":"","ocean_menu_typo_line_height":0,"ocean_menu_typo_line_height_tablet":0,"ocean_menu_typo_line_height_mobile":0,"ocean_menu_typo_line_height_unit":"","ocean_menu_typo_spacing":0,"ocean_menu_typo_spacing_tablet":0,"ocean_menu_typo_spacing_mobile":0,"ocean_menu_typo_spacing_unit":"","ocean_menu_link_color":"","ocean_menu_link_color_hover":"","ocean_menu_link_color_active":"","ocean_menu_link_background":"","ocean_menu_link_hover_background":"","ocean_menu_link_active_background":"","ocean_menu_social_links_bg":"","ocean_menu_social_hover_links_bg":"","ocean_menu_social_links_color":"","ocean_menu_social_hover_links_color":"","ocean_disable_title":"on","ocean_disable_heading":"default","ocean_post_title":"","ocean_post_subheading":"","ocean_post_title_style":"","ocean_post_title_background_color":"","ocean_post_title_background":0,"ocean_post_title_bg_image_position":"","ocean_post_title_bg_image_attachment":"","ocean_post_title_bg_image_repeat":"","ocean_post_title_bg_image_size":"","ocean_post_title_height":0,"ocean_post_title_bg_overlay":0.5,"ocean_post_title_bg_overlay_color":"","ocean_disable_breadcrumbs":"default","ocean_breadcrumbs_color":"","ocean_breadcrumbs_separator_color":"","ocean_breadcrumbs_links_color":"","ocean_breadcrumbs_links_hover_color":"","ocean_display_footer_widgets":"default","ocean_display_footer_bottom":"default","ocean_custom_footer_template":"0","_themeisle_gutenberg_block_has_review":false,"footnotes":""},"class_list":["post-744","page","type-page","status-publish","hentry","entry","owp-thumbs-layout-horizontal","owp-btn-normal","owp-tabs-layout-horizontal","has-no-thumbnails","has-product-nav"],"yoast_head":"<!-- This site is optimized with the Yoast SEO plugin v19.14 - https:\/\/yoast.com\/wordpress\/plugins\/seo\/ -->\n<title>MC CALORIFUGE, votre expert en isolation thermique<\/title>\n<meta name=\"description\" content=\"Votre activit\u00e9 professionnelle s\u2019exerce dans l\u2019industrie ou le tertiaire\u202f? MC CALORIFUGE vous permet de r\u00e9duire vos factures d\u2019\u00e9nergie, via des solutions d\u2019isolation thermique innovantes\" \/>\n<meta name=\"robots\" content=\"noindex, follow, max-snippet:-1, max-image-preview:large, max-video-preview:-1\" \/>\n<meta property=\"og:locale\" content=\"fr_FR\" \/>\n<meta property=\"og:type\" content=\"article\" \/>\n<meta property=\"og:title\" content=\"MC CALORIFUGE, votre expert en isolation thermique\" \/>\n<meta property=\"og:description\" content=\"Votre activit\u00e9 professionnelle s\u2019exerce dans l\u2019industrie ou le tertiaire\u202f? MC CALORIFUGE vous permet de r\u00e9duire vos factures d\u2019\u00e9nergie, via des solutions d\u2019isolation thermique innovantes\" \/>\n<meta property=\"og:url\" content=\"https:\/\/mc-calorifuge.fr\/index.php\/isolation-thermique-et-calorifuge\/\" \/>\n<meta property=\"og:site_name\" content=\"wordpress-680753-2241296.cloudwaysapps.com\" \/>\n<meta property=\"article:publisher\" content=\"https:\/\/www.facebook.com\/profile.php?id=100069284468732\" \/>\n<meta property=\"article:modified_time\" content=\"2023-01-15T21:16:51+00:00\" \/>\n<meta property=\"og:image\" content=\"http:\/\/mc-calorifuge.fr\/wp-content\/uploads\/2022\/12\/Depositphotos_94643148_DS.jpeg\" \/>\n<meta name=\"twitter:card\" content=\"summary_large_image\" \/>\n<meta name=\"twitter:label1\" content=\"Dur\u00e9e de lecture estim\u00e9e\" \/>\n\t<meta name=\"twitter:data1\" content=\"3 minutes\" \/>\n<script type=\"application\/ld+json\" class=\"yoast-schema-graph\">{\"@context\":\"https:\/\/schema.org\",\"@graph\":[{\"@type\":\"WebPage\",\"@id\":\"https:\/\/mc-calorifuge.fr\/index.php\/isolation-thermique-et-calorifuge\/\",\"url\":\"https:\/\/mc-calorifuge.fr\/index.php\/isolation-thermique-et-calorifuge\/\",\"name\":\"MC CALORIFUGE, votre expert en isolation thermique\",\"isPartOf\":{\"@id\":\"https:\/\/mc-calorifuge.fr\/#website\"},\"datePublished\":\"2019-11-05T11:08:20+00:00\",\"dateModified\":\"2023-01-15T21:16:51+00:00\",\"description\":\"Votre activit\u00e9 professionnelle s\u2019exerce dans l\u2019industrie ou le tertiaire\u202f? MC CALORIFUGE vous permet de r\u00e9duire vos factures d\u2019\u00e9nergie, via des solutions d\u2019isolation thermique innovantes\",\"breadcrumb\":{\"@id\":\"https:\/\/mc-calorifuge.fr\/index.php\/isolation-thermique-et-calorifuge\/#breadcrumb\"},\"inLanguage\":\"fr-FR\",\"potentialAction\":[{\"@type\":\"ReadAction\",\"target\":[\"https:\/\/mc-calorifuge.fr\/index.php\/isolation-thermique-et-calorifuge\/\"]}]},{\"@type\":\"BreadcrumbList\",\"@id\":\"https:\/\/mc-calorifuge.fr\/index.php\/isolation-thermique-et-calorifuge\/#breadcrumb\",\"itemListElement\":[{\"@type\":\"ListItem\",\"position\":1,\"name\":\"Accueil\",\"item\":\"https:\/\/mc-calorifuge.fr\/\"},{\"@type\":\"ListItem\",\"position\":2,\"name\":\"ISOLATION THERMIQUE ET CALORIFUGE\"}]},{\"@type\":\"WebSite\",\"@id\":\"https:\/\/mc-calorifuge.fr\/#website\",\"url\":\"https:\/\/mc-calorifuge.fr\/\",\"name\":\"wordpress-680753-2241296.cloudwaysapps.com\",\"description\":\"Just another WordPress site\",\"publisher\":{\"@id\":\"https:\/\/mc-calorifuge.fr\/#organization\"},\"potentialAction\":[{\"@type\":\"SearchAction\",\"target\":{\"@type\":\"EntryPoint\",\"urlTemplate\":\"https:\/\/mc-calorifuge.fr\/?s={search_term_string}\"},\"query-input\":\"required name=search_term_string\"}],\"inLanguage\":\"fr-FR\"},{\"@type\":\"Organization\",\"@id\":\"https:\/\/mc-calorifuge.fr\/#organization\",\"name\":\"wordpress-680753-2241296.cloudwaysapps.com\",\"url\":\"https:\/\/mc-calorifuge.fr\/\",\"logo\":{\"@type\":\"ImageObject\",\"inLanguage\":\"fr-FR\",\"@id\":\"https:\/\/mc-calorifuge.fr\/#\/schema\/logo\/image\/\",\"url\":\"https:\/\/mc-calorifuge.fr\/wp-content\/uploads\/2022\/11\/cropped-9E4ED811-62BB-4E6B-9F93-66A2D07163B4_4_5005_c-1.png\",\"contentUrl\":\"https:\/\/mc-calorifuge.fr\/wp-content\/uploads\/2022\/11\/cropped-9E4ED811-62BB-4E6B-9F93-66A2D07163B4_4_5005_c-1.png\",\"width\":317,\"height\":267,\"caption\":\"wordpress-680753-2241296.cloudwaysapps.com\"},\"image\":{\"@id\":\"https:\/\/mc-calorifuge.fr\/#\/schema\/logo\/image\/\"},\"sameAs\":[\"https:\/\/www.facebook.com\/profile.php?id=100069284468732\"]}]}<\/script>\n<!-- \/ Yoast SEO plugin. -->","yoast_head_json":{"title":"MC CALORIFUGE, votre expert en isolation thermique","description":"Votre activit\u00e9 professionnelle s\u2019exerce dans l\u2019industrie ou le tertiaire\u202f? MC CALORIFUGE vous permet de r\u00e9duire vos factures d\u2019\u00e9nergie, via des solutions d\u2019isolation thermique innovantes","robots":{"index":"noindex","follow":"follow","max-snippet":"max-snippet:-1","max-image-preview":"max-image-preview:large","max-video-preview":"max-video-preview:-1"},"og_locale":"fr_FR","og_type":"article","og_title":"MC CALORIFUGE, votre expert en isolation thermique","og_description":"Votre activit\u00e9 professionnelle s\u2019exerce dans l\u2019industrie ou le tertiaire\u202f? MC CALORIFUGE vous permet de r\u00e9duire vos factures d\u2019\u00e9nergie, via des solutions d\u2019isolation thermique innovantes","og_url":"https:\/\/mc-calorifuge.fr\/index.php\/isolation-thermique-et-calorifuge\/","og_site_name":"wordpress-680753-2241296.cloudwaysapps.com","article_publisher":"https:\/\/www.facebook.com\/profile.php?id=100069284468732","article_modified_time":"2023-01-15T21:16:51+00:00","og_image":[{"url":"http:\/\/mc-calorifuge.fr\/wp-content\/uploads\/2022\/12\/Depositphotos_94643148_DS.jpeg"}],"twitter_card":"summary_large_image","twitter_misc":{"Dur\u00e9e de lecture estim\u00e9e":"3 minutes"},"schema":{"@context":"https:\/\/schema.org","@graph":[{"@type":"WebPage","@id":"https:\/\/mc-calorifuge.fr\/index.php\/isolation-thermique-et-calorifuge\/","url":"https:\/\/mc-calorifuge.fr\/index.php\/isolation-thermique-et-calorifuge\/","name":"MC CALORIFUGE, votre expert en isolation thermique","isPartOf":{"@id":"https:\/\/mc-calorifuge.fr\/#website"},"datePublished":"2019-11-05T11:08:20+00:00","dateModified":"2023-01-15T21:16:51+00:00","description":"Votre activit\u00e9 professionnelle s\u2019exerce dans l\u2019industrie ou le tertiaire\u202f? MC CALORIFUGE vous permet de r\u00e9duire vos factures d\u2019\u00e9nergie, via des solutions d\u2019isolation thermique innovantes","breadcrumb":{"@id":"https:\/\/mc-calorifuge.fr\/index.php\/isolation-thermique-et-calorifuge\/#breadcrumb"},"inLanguage":"fr-FR","potentialAction":[{"@type":"ReadAction","target":["https:\/\/mc-calorifuge.fr\/index.php\/isolation-thermique-et-calorifuge\/"]}]},{"@type":"BreadcrumbList","@id":"https:\/\/mc-calorifuge.fr\/index.php\/isolation-thermique-et-calorifuge\/#breadcrumb","itemListElement":[{"@type":"ListItem","position":1,"name":"Accueil","item":"https:\/\/mc-calorifuge.fr\/"},{"@type":"ListItem","position":2,"name":"ISOLATION THERMIQUE ET CALORIFUGE"}]},{"@type":"WebSite","@id":"https:\/\/mc-calorifuge.fr\/#website","url":"https:\/\/mc-calorifuge.fr\/","name":"wordpress-680753-2241296.cloudwaysapps.com","description":"Just another WordPress site","publisher":{"@id":"https:\/\/mc-calorifuge.fr\/#organization"},"potentialAction":[{"@type":"SearchAction","target":{"@type":"EntryPoint","urlTemplate":"https:\/\/mc-calorifuge.fr\/?s={search_term_string}"},"query-input":"required name=search_term_string"}],"inLanguage":"fr-FR"},{"@type":"Organization","@id":"https:\/\/mc-calorifuge.fr\/#organization","name":"wordpress-680753-2241296.cloudwaysapps.com","url":"https:\/\/mc-calorifuge.fr\/","logo":{"@type":"ImageObject","inLanguage":"fr-FR","@id":"https:\/\/mc-calorifuge.fr\/#\/schema\/logo\/image\/","url":"https:\/\/mc-calorifuge.fr\/wp-content\/uploads\/2022\/11\/cropped-9E4ED811-62BB-4E6B-9F93-66A2D07163B4_4_5005_c-1.png","contentUrl":"https:\/\/mc-calorifuge.fr\/wp-content\/uploads\/2022\/11\/cropped-9E4ED811-62BB-4E6B-9F93-66A2D07163B4_4_5005_c-1.png","width":317,"height":267,"caption":"wordpress-680753-2241296.cloudwaysapps.com"},"image":{"@id":"https:\/\/mc-calorifuge.fr\/#\/schema\/logo\/image\/"},"sameAs":["https:\/\/www.facebook.com\/profile.php?id=100069284468732"]}]}},"_links":{"self":[{"href":"https:\/\/mc-calorifuge.fr\/index.php\/wp-json\/wp\/v2\/pages\/744"}],"collection":[{"href":"https:\/\/mc-calorifuge.fr\/index.php\/wp-json\/wp\/v2\/pages"}],"about":[{"href":"https:\/\/mc-calorifuge.fr\/index.php\/wp-json\/wp\/v2\/types\/page"}],"author":[{"embeddable":true,"href":"https:\/\/mc-calorifuge.fr\/index.php\/wp-json\/wp\/v2\/users\/3"}],"replies":[{"embeddable":true,"href":"https:\/\/mc-calorifuge.fr\/index.php\/wp-json\/wp\/v2\/comments?post=744"}],"version-history":[{"count":52,"href":"https:\/\/mc-calorifuge.fr\/index.php\/wp-json\/wp\/v2\/pages\/744\/revisions"}],"predecessor-version":[{"id":2668,"href":"https:\/\/mc-calorifuge.fr\/index.php\/wp-json\/wp\/v2\/pages\/744\/revisions\/2668"}],"wp:attachment":[{"href":"https:\/\/mc-calorifuge.fr\/index.php\/wp-json\/wp\/v2\/media?parent=744"}],"curies":[{"name":"wp","href":"https:\/\/api.w.org\/{rel}","templated":true}]}}