{"id":619,"date":"2022-04-25T01:40:02","date_gmt":"2022-04-25T01:40:02","guid":{"rendered":"https:\/\/architect.oceanwp.org\/?page_id=619"},"modified":"2023-01-15T21:10:48","modified_gmt":"2023-01-15T21:10:48","slug":"recherchez-vous-une-entreprise-de-calorifugeage","status":"publish","type":"page","link":"https:\/\/mc-calorifuge.fr\/index.php\/recherchez-vous-une-entreprise-de-calorifugeage\/","title":{"rendered":"Recherchez-vous une entreprise de calorifugeage\u202f?"},"content":{"rendered":"\t\t<div data-elementor-type=\"wp-page\" data-elementor-id=\"619\" class=\"elementor elementor-619\">\n\t\t\t\t\t\t<section class=\"elementor-section elementor-top-section elementor-element elementor-element-d294c90 elementor-section-full_width elementor-section-stretched elementor-section-height-default elementor-section-height-default\" data-id=\"d294c90\" data-element_type=\"section\" data-settings=\"{&quot;stretch_section&quot;:&quot;section-stretched&quot;,&quot;jet_parallax_layout_list&quot;:[]}\">\n\t\t\t\t\t\t<div class=\"elementor-container elementor-column-gap-default\">\n\t\t\t\t\t<div class=\"elementor-column elementor-col-100 elementor-top-column elementor-element elementor-element-98d50b2\" data-id=\"98d50b2\" data-element_type=\"column\">\n\t\t\t<div class=\"elementor-widget-wrap elementor-element-populated\">\n\t\t\t\t\t\t<div class=\"elementor-element elementor-element-b566ac3 elementor-widget elementor-widget-image\" data-id=\"b566ac3\" data-element_type=\"widget\" data-widget_type=\"image.default\">\n\t\t\t\t<div class=\"elementor-widget-container\">\n\t\t\t\t\t\t\t\t\t\t\t\t\t<img fetchpriority=\"high\" decoding=\"async\" width=\"1024\" height=\"500\" src=\"https:\/\/mc-calorifuge.fr\/wp-content\/uploads\/2022\/12\/quiSommesNous.jpeg\" class=\"attachment-full size-full wp-image-2502\" alt=\"Qui sommes nous?\" srcset=\"https:\/\/mc-calorifuge.fr\/wp-content\/uploads\/2022\/12\/quiSommesNous.jpeg 1024w, https:\/\/mc-calorifuge.fr\/wp-content\/uploads\/2022\/12\/quiSommesNous-300x146.jpeg 300w, https:\/\/mc-calorifuge.fr\/wp-content\/uploads\/2022\/12\/quiSommesNous-768x375.jpeg 768w, https:\/\/mc-calorifuge.fr\/wp-content\/uploads\/2022\/12\/quiSommesNous-600x293.jpeg 600w\" sizes=\"(max-width: 1024px) 100vw, 1024px\" \/>\t\t\t\t\t\t\t\t\t\t\t\t\t<\/div>\n\t\t\t\t<\/div>\n\t\t\t\t\t<\/div>\n\t\t<\/div>\n\t\t\t\t\t<\/div>\n\t\t<\/section>\n\t\t\t\t<section class=\"elementor-section elementor-top-section elementor-element elementor-element-7997348 elementor-section-boxed elementor-section-height-default elementor-section-height-default\" data-id=\"7997348\" data-element_type=\"section\" data-settings=\"{&quot;jet_parallax_layout_list&quot;:[]}\">\n\t\t\t\t\t\t<div class=\"elementor-container elementor-column-gap-default\">\n\t\t\t\t\t<div class=\"elementor-column elementor-col-33 elementor-top-column elementor-element elementor-element-32dab25\" data-id=\"32dab25\" data-element_type=\"column\">\n\t\t\t<div class=\"elementor-widget-wrap elementor-element-populated\">\n\t\t\t\t\t\t<div class=\"elementor-element elementor-element-86f236f elementor-widget elementor-widget-image\" data-id=\"86f236f\" data-element_type=\"widget\" data-widget_type=\"image.default\">\n\t\t\t\t<div class=\"elementor-widget-container\">\n\t\t\t\t\t\t\t\t\t\t\t\t\t<img decoding=\"async\" width=\"1024\" height=\"650\" src=\"https:\/\/mc-calorifuge.fr\/wp-content\/uploads\/2022\/11\/unnamed-file.jpeg\" class=\"attachment-large size-large wp-image-2217\" alt=\"\" srcset=\"https:\/\/mc-calorifuge.fr\/wp-content\/uploads\/2022\/11\/unnamed-file.jpeg 1024w, https:\/\/mc-calorifuge.fr\/wp-content\/uploads\/2022\/11\/unnamed-file-300x190.jpeg 300w, https:\/\/mc-calorifuge.fr\/wp-content\/uploads\/2022\/11\/unnamed-file-768x488.jpeg 768w, https:\/\/mc-calorifuge.fr\/wp-content\/uploads\/2022\/11\/unnamed-file-600x381.jpeg 600w\" sizes=\"(max-width: 1024px) 100vw, 1024px\" \/>\t\t\t\t\t\t\t\t\t\t\t\t\t<\/div>\n\t\t\t\t<\/div>\n\t\t\t\t\t<\/div>\n\t\t<\/div>\n\t\t\t\t<div class=\"elementor-column elementor-col-66 elementor-top-column elementor-element elementor-element-1b0b6d3\" data-id=\"1b0b6d3\" data-element_type=\"column\">\n\t\t\t<div class=\"elementor-widget-wrap elementor-element-populated\">\n\t\t\t\t\t\t<div class=\"elementor-element elementor-element-c06e679 elementor-widget elementor-widget-image\" data-id=\"c06e679\" data-element_type=\"widget\" data-widget_type=\"image.default\">\n\t\t\t\t<div class=\"elementor-widget-container\">\n\t\t\t\t\t\t\t\t\t\t\t\t\t<img decoding=\"async\" width=\"1024\" height=\"721\" src=\"https:\/\/mc-calorifuge.fr\/wp-content\/uploads\/2022\/11\/Depositphotos_254095892_DS-1.jpeg\" class=\"attachment-large size-large wp-image-2218\" alt=\"\" srcset=\"https:\/\/mc-calorifuge.fr\/wp-content\/uploads\/2022\/11\/Depositphotos_254095892_DS-1.jpeg 1024w, https:\/\/mc-calorifuge.fr\/wp-content\/uploads\/2022\/11\/Depositphotos_254095892_DS-1-300x211.jpeg 300w, https:\/\/mc-calorifuge.fr\/wp-content\/uploads\/2022\/11\/Depositphotos_254095892_DS-1-768x541.jpeg 768w, https:\/\/mc-calorifuge.fr\/wp-content\/uploads\/2022\/11\/Depositphotos_254095892_DS-1-600x422.jpeg 600w\" sizes=\"(max-width: 1024px) 100vw, 1024px\" \/>\t\t\t\t\t\t\t\t\t\t\t\t\t<\/div>\n\t\t\t\t<\/div>\n\t\t\t\t\t<\/div>\n\t\t<\/div>\n\t\t\t\t\t<\/div>\n\t\t<\/section>\n\t\t\t\t<section class=\"elementor-section elementor-top-section elementor-element elementor-element-814ab3a elementor-section-boxed elementor-section-height-default elementor-section-height-default\" data-id=\"814ab3a\" data-element_type=\"section\" data-settings=\"{&quot;jet_parallax_layout_list&quot;:[]}\">\n\t\t\t\t\t\t<div class=\"elementor-container elementor-column-gap-default\">\n\t\t\t\t\t<div class=\"elementor-column elementor-col-100 elementor-top-column elementor-element elementor-element-9bd8adb\" data-id=\"9bd8adb\" data-element_type=\"column\">\n\t\t\t<div class=\"elementor-widget-wrap elementor-element-populated\">\n\t\t\t\t\t\t<div class=\"elementor-element elementor-element-524e0db elementor-widget elementor-widget-heading\" data-id=\"524e0db\" data-element_type=\"widget\" data-widget_type=\"heading.default\">\n\t\t\t\t<div class=\"elementor-widget-container\">\n\t\t\t<h2 class=\"elementor-heading-title elementor-size-default\">CALORIFUGEAGE : NOS EXPERTS A VOTRE SERVICE<\/h2>\t\t<\/div>\n\t\t\t\t<\/div>\n\t\t\t\t<div class=\"elementor-element elementor-element-a2be0c8 elementor-widget elementor-widget-text-editor\" data-id=\"a2be0c8\" data-element_type=\"widget\" data-widget_type=\"text-editor.default\">\n\t\t\t\t<div class=\"elementor-widget-container\">\n\t\t\t\t\t\t\t<p><span style=\"font-weight: 400;\">Afin d\u2019\u00e9viter les d\u00e9perditions d&#8217;\u00e9nergie sur vos <\/span><b>conduits de ventilation<\/b><span style=\"font-weight: 400;\">, optez pour<\/span><b><a href=\"http:\/\/mc-calorifuge.fr\/index.php\/isolation-thermique-et-calorifuge\/\"><span style=\"color: #ff9900;\"> le calorifugeage<\/span><\/a>,<\/b><span style=\"font-weight: 400;\"> et obtenez ainsi un meilleur rendement \u00e9nerg\u00e9tique, concernant vos installations et r\u00e9seaux.<\/span><\/p><p><span style=\"font-weight: 400;\">En calorifugeant les r\u00e9seaux <\/span><b>CVC et plomberie<\/b><span style=\"font-weight: 400;\"> ainsi que<\/span><b> Coupe feu<\/b><span style=\"font-weight: 400;\"> en <\/span><b>Gaine Staff ou Flocage<\/b><span style=\"font-weight: 400;\"> de vos b\u00e2timents, vous b\u00e9n\u00e9ficiez d\u2019un confort thermique optimis\u00e9, qui se traduit par des \u00e9conomies sur vos factures d\u2019\u00e9nergie.<\/span><\/p><h2 style=\"text-align: center;\"><span style=\"font-weight: 400;\">\u00a0\u00a0<\/span><b>\u00a0TRAVAUX D\u2019ISOLATION DE TUYAUTERIE DE CHAUFFAGE<\/b><\/h2><p><span style=\"font-weight: 400;\">En hiver comme en \u00e9t\u00e9, les canalisations et tuyauteries peuvent faire l&#8217;objet d\u2019agressions ext\u00e9rieures, susceptibles d\u2019endommager les gaines, les tuyaux et les conduits de vos b\u00e2tis.<\/span><\/p><p><span style=\"font-weight: 400;\">Le froid, et en particulier le gel, peuvent alors devenir un probl\u00e8me pour les tuyaux de votre r\u00e9seau hydraulique. En effet, en cas de gel\u00e9e de l\u2019eau stagnante dans les tuyaux, la pression du gel peut \u00e9br\u00e9cher, voire briser votre tuyauterie, et nuire \u00e0 l\u2019ensemble de vos installations.<\/span><\/p><p><span style=\"font-weight: 400;\">L\u2019isolation calorifuge est la solution pour lutter contre le gel et la condensation qui affectent vos r\u00e9seaux, tout en les prot\u00e9geant sur le long terme, quelles que soient les conditions m\u00e9t\u00e9orologiques.<\/span><\/p><h2 style=\"text-align: center;\"><b>MC CALORIFUGE, LE SP\u00c9CIALISTE DE L\u2019ISOLATION INDUSTRIELLE ET TERTIAIRE\u00a0<\/b><\/h2><p><code><\/code><code><\/code><\/p><p><span style=\"font-weight: 400;\">Sans la mise en place d\u2019un syst\u00e8me d\u2019isolation efficient, les performances de vos installations de chauffage et de climatisation s\u2019en trouvent amoindries.<\/span><\/p><p><span style=\"font-weight: 400;\">Les experts de l\u2019entreprise <\/span><b>MC CALORIFUGE<\/b><span style=\"font-weight: 400;\"> am\u00e9liorent <\/span><b>l\u2019isolation thermique <\/b><span style=\"font-weight: 400;\">de vos canalisations en vous proposant un dispositif sur mesure. Leur intervention sur des sites d\u2019envergure, consiste \u00e0 couvrir vos installations d\u2019isolants (<\/span><b>produits calorifuges<\/b><span style=\"font-weight: 400;\">).<\/span><\/p><p><span style=\"font-weight: 400;\">Une prise en charge rapide de vos chantiers et des travaux r\u00e9alis\u00e9s avec rigueur et minutie, conform\u00e9ment aux normes prescrites, font de MC CALORIFUGE, votre interlocuteur privil\u00e9gi\u00e9.<\/span><\/p><p><span style=\"font-weight: 400;\">Vous l\u2019avez compris, le calorifugeage pr\u00e9sente de multiples avantages.<\/span><\/p><p><span style=\"font-weight: 400;\">Dans le but d\u2019isoler l\u2019ensemble de vos b\u00e2timents industriels et tertiaires et de vous accompagner dans votre <\/span><b>transition \u00e9nerg\u00e9tique<\/b><span style=\"font-weight: 400;\">, les experts de MC CALORIFUGE effectuent \u00e9galement le<\/span><b> flocage <\/b><span style=\"font-weight: 400;\">de vos murs et supports.<\/span><\/p><p><span style=\"font-weight: 400;\">En les contactant par t\u00e9l\u00e9phone, ou en remplissant <\/span><a href=\"http:\/\/mc-calorifuge.fr\/index.php\/contactez-nous\/\"><span style=\"color: #ff9900;\"><b>une demande de devis <\/b><\/span><\/a><span style=\"font-weight: 400;\">pr\u00e9sente sur le nouveau site internet de l\u2019entreprise, vous misez sur le confort de vos salari\u00e9s de fa\u00e7on p\u00e9renne et en toutes saisons, en b\u00e9n\u00e9ficiant de tarifs comp\u00e9titifs.<\/span><\/p>\t\t\t\t\t\t<\/div>\n\t\t\t\t<\/div>\n\t\t\t\t\t<\/div>\n\t\t<\/div>\n\t\t\t\t\t<\/div>\n\t\t<\/section>\n\t\t\t\t<\/div>\n\t\t","protected":false},"excerpt":{"rendered":"<p>CALORIFUGEAGE : NOS EXPERTS A VOTRE SERVICE Afin d\u2019\u00e9viter les d\u00e9perditions d&#8217;\u00e9nergie sur vos conduits de ventilation, optez pour le calorifugeage, et obtenez ainsi un meilleur rendement \u00e9nerg\u00e9tique, concernant vos installations et r\u00e9seaux. En calorifugeant les r\u00e9seaux CVC et plomberie ainsi que Coupe feu en Gaine Staff ou Flocage de vos b\u00e2timents, vous b\u00e9n\u00e9ficiez d\u2019un [&hellip;]<\/p>\n","protected":false},"author":2,"featured_media":0,"parent":0,"menu_order":0,"comment_status":"closed","ping_status":"closed","template":"","meta":{"ocean_post_layout":"full-screen","ocean_both_sidebars_style":"","ocean_both_sidebars_content_width":0,"ocean_both_sidebars_sidebars_width":0,"ocean_sidebar":"0","ocean_second_sidebar":"0","ocean_disable_margins":"on","ocean_add_body_class":"","ocean_shortcode_before_top_bar":"","ocean_shortcode_after_top_bar":"","ocean_shortcode_before_header":"","ocean_shortcode_after_header":"","ocean_has_shortcode":"","ocean_shortcode_after_title":"","ocean_shortcode_before_footer_widgets":"","ocean_shortcode_after_footer_widgets":"","ocean_shortcode_before_footer_bottom":"","ocean_shortcode_after_footer_bottom":"","ocean_display_top_bar":"default","ocean_display_header":"default","ocean_header_style":"transparent","ocean_center_header_left_menu":"0","ocean_custom_header_template":"0","ocean_custom_logo":0,"ocean_custom_retina_logo":0,"ocean_custom_logo_max_width":0,"ocean_custom_logo_tablet_max_width":0,"ocean_custom_logo_mobile_max_width":0,"ocean_custom_logo_max_height":0,"ocean_custom_logo_tablet_max_height":0,"ocean_custom_logo_mobile_max_height":0,"ocean_header_custom_menu":"0","ocean_menu_typo_font_family":"0","ocean_menu_typo_font_subset":"","ocean_menu_typo_font_size":0,"ocean_menu_typo_font_size_tablet":0,"ocean_menu_typo_font_size_mobile":0,"ocean_menu_typo_font_size_unit":"px","ocean_menu_typo_font_weight":"","ocean_menu_typo_font_weight_tablet":"","ocean_menu_typo_font_weight_mobile":"","ocean_menu_typo_transform":"","ocean_menu_typo_transform_tablet":"","ocean_menu_typo_transform_mobile":"","ocean_menu_typo_line_height":0,"ocean_menu_typo_line_height_tablet":0,"ocean_menu_typo_line_height_mobile":0,"ocean_menu_typo_line_height_unit":"","ocean_menu_typo_spacing":0,"ocean_menu_typo_spacing_tablet":0,"ocean_menu_typo_spacing_mobile":0,"ocean_menu_typo_spacing_unit":"","ocean_menu_link_color":"#ffffff","ocean_menu_link_color_hover":"#6e8fef","ocean_menu_link_color_active":"#ffffff","ocean_menu_link_background":"","ocean_menu_link_hover_background":"","ocean_menu_link_active_background":"","ocean_menu_social_links_bg":"","ocean_menu_social_hover_links_bg":"","ocean_menu_social_links_color":"#ffffff","ocean_menu_social_hover_links_color":"#6e8fef","ocean_disable_title":"on","ocean_disable_heading":"default","ocean_post_title":"","ocean_post_subheading":"","ocean_post_title_style":"","ocean_post_title_background_color":"","ocean_post_title_background":0,"ocean_post_title_bg_image_position":"","ocean_post_title_bg_image_attachment":"","ocean_post_title_bg_image_repeat":"","ocean_post_title_bg_image_size":"","ocean_post_title_height":0,"ocean_post_title_bg_overlay":0.5,"ocean_post_title_bg_overlay_color":"","ocean_disable_breadcrumbs":"off","ocean_breadcrumbs_color":"","ocean_breadcrumbs_separator_color":"","ocean_breadcrumbs_links_color":"","ocean_breadcrumbs_links_hover_color":"","ocean_display_footer_widgets":"default","ocean_display_footer_bottom":"default","ocean_custom_footer_template":"0","_themeisle_gutenberg_block_has_review":false,"footnotes":""},"class_list":["post-619","page","type-page","status-publish","hentry","entry","owp-thumbs-layout-horizontal","owp-btn-normal","owp-tabs-layout-horizontal","has-no-thumbnails","has-product-nav"],"yoast_head":"<!-- This site is optimized with the Yoast SEO plugin v19.14 - https:\/\/yoast.com\/wordpress\/plugins\/seo\/ -->\n<title>Recherchez-vous une entreprise de calorifugeage\u202f? - wordpress-680753-2241296.cloudwaysapps.com<\/title>\n<meta name=\"description\" content=\"Le calorifugeage am\u00e9liore l\u2019isolation thermique des canalisations de chauffage de vos b\u00e2timents industriels et tertiaires.MC CALORIFUGE vous accompagne dans votre transition \u00e9nerg\u00e9tique\" \/>\n<meta name=\"robots\" content=\"noindex, follow, max-snippet:-1, max-image-preview:large, max-video-preview:-1\" \/>\n<meta property=\"og:locale\" content=\"fr_FR\" \/>\n<meta property=\"og:type\" content=\"article\" \/>\n<meta property=\"og:title\" content=\"Recherchez-vous une entreprise de calorifugeage\u202f? - wordpress-680753-2241296.cloudwaysapps.com\" \/>\n<meta property=\"og:description\" content=\"Le calorifugeage am\u00e9liore l\u2019isolation thermique des canalisations de chauffage de vos b\u00e2timents industriels et tertiaires.MC CALORIFUGE vous accompagne dans votre transition \u00e9nerg\u00e9tique\" \/>\n<meta property=\"og:url\" content=\"https:\/\/mc-calorifuge.fr\/index.php\/recherchez-vous-une-entreprise-de-calorifugeage\/\" \/>\n<meta property=\"og:site_name\" content=\"wordpress-680753-2241296.cloudwaysapps.com\" \/>\n<meta property=\"article:publisher\" content=\"https:\/\/www.facebook.com\/profile.php?id=100069284468732\" \/>\n<meta property=\"article:modified_time\" content=\"2023-01-15T21:10:48+00:00\" \/>\n<meta property=\"og:image\" content=\"http:\/\/mc-calorifuge.fr\/wp-content\/uploads\/2022\/12\/quiSommesNous.jpeg\" \/>\n<meta name=\"twitter:card\" content=\"summary_large_image\" \/>\n<meta name=\"twitter:label1\" content=\"Dur\u00e9e de lecture estim\u00e9e\" \/>\n\t<meta name=\"twitter:data1\" content=\"3 minutes\" \/>\n<script type=\"application\/ld+json\" class=\"yoast-schema-graph\">{\"@context\":\"https:\/\/schema.org\",\"@graph\":[{\"@type\":\"WebPage\",\"@id\":\"https:\/\/mc-calorifuge.fr\/index.php\/recherchez-vous-une-entreprise-de-calorifugeage\/\",\"url\":\"https:\/\/mc-calorifuge.fr\/index.php\/recherchez-vous-une-entreprise-de-calorifugeage\/\",\"name\":\"Recherchez-vous une entreprise de calorifugeage\u202f? - wordpress-680753-2241296.cloudwaysapps.com\",\"isPartOf\":{\"@id\":\"https:\/\/mc-calorifuge.fr\/#website\"},\"datePublished\":\"2022-04-25T01:40:02+00:00\",\"dateModified\":\"2023-01-15T21:10:48+00:00\",\"description\":\"Le calorifugeage am\u00e9liore l\u2019isolation thermique des canalisations de chauffage de vos b\u00e2timents industriels et tertiaires.MC CALORIFUGE vous accompagne dans votre transition \u00e9nerg\u00e9tique\",\"breadcrumb\":{\"@id\":\"https:\/\/mc-calorifuge.fr\/index.php\/recherchez-vous-une-entreprise-de-calorifugeage\/#breadcrumb\"},\"inLanguage\":\"fr-FR\",\"potentialAction\":[{\"@type\":\"ReadAction\",\"target\":[\"https:\/\/mc-calorifuge.fr\/index.php\/recherchez-vous-une-entreprise-de-calorifugeage\/\"]}]},{\"@type\":\"BreadcrumbList\",\"@id\":\"https:\/\/mc-calorifuge.fr\/index.php\/recherchez-vous-une-entreprise-de-calorifugeage\/#breadcrumb\",\"itemListElement\":[{\"@type\":\"ListItem\",\"position\":1,\"name\":\"Accueil\",\"item\":\"https:\/\/mc-calorifuge.fr\/\"},{\"@type\":\"ListItem\",\"position\":2,\"name\":\"Recherchez-vous une entreprise de calorifugeage\u202f?\"}]},{\"@type\":\"WebSite\",\"@id\":\"https:\/\/mc-calorifuge.fr\/#website\",\"url\":\"https:\/\/mc-calorifuge.fr\/\",\"name\":\"wordpress-680753-2241296.cloudwaysapps.com\",\"description\":\"Just another WordPress site\",\"publisher\":{\"@id\":\"https:\/\/mc-calorifuge.fr\/#organization\"},\"potentialAction\":[{\"@type\":\"SearchAction\",\"target\":{\"@type\":\"EntryPoint\",\"urlTemplate\":\"https:\/\/mc-calorifuge.fr\/?s={search_term_string}\"},\"query-input\":\"required name=search_term_string\"}],\"inLanguage\":\"fr-FR\"},{\"@type\":\"Organization\",\"@id\":\"https:\/\/mc-calorifuge.fr\/#organization\",\"name\":\"wordpress-680753-2241296.cloudwaysapps.com\",\"url\":\"https:\/\/mc-calorifuge.fr\/\",\"logo\":{\"@type\":\"ImageObject\",\"inLanguage\":\"fr-FR\",\"@id\":\"https:\/\/mc-calorifuge.fr\/#\/schema\/logo\/image\/\",\"url\":\"https:\/\/mc-calorifuge.fr\/wp-content\/uploads\/2022\/11\/cropped-9E4ED811-62BB-4E6B-9F93-66A2D07163B4_4_5005_c-1.png\",\"contentUrl\":\"https:\/\/mc-calorifuge.fr\/wp-content\/uploads\/2022\/11\/cropped-9E4ED811-62BB-4E6B-9F93-66A2D07163B4_4_5005_c-1.png\",\"width\":317,\"height\":267,\"caption\":\"wordpress-680753-2241296.cloudwaysapps.com\"},\"image\":{\"@id\":\"https:\/\/mc-calorifuge.fr\/#\/schema\/logo\/image\/\"},\"sameAs\":[\"https:\/\/www.facebook.com\/profile.php?id=100069284468732\"]}]}<\/script>\n<!-- \/ Yoast SEO plugin. -->","yoast_head_json":{"title":"Recherchez-vous une entreprise de calorifugeage\u202f? - wordpress-680753-2241296.cloudwaysapps.com","description":"Le calorifugeage am\u00e9liore l\u2019isolation thermique des canalisations de chauffage de vos b\u00e2timents industriels et tertiaires.MC CALORIFUGE vous accompagne dans votre transition \u00e9nerg\u00e9tique","robots":{"index":"noindex","follow":"follow","max-snippet":"max-snippet:-1","max-image-preview":"max-image-preview:large","max-video-preview":"max-video-preview:-1"},"og_locale":"fr_FR","og_type":"article","og_title":"Recherchez-vous une entreprise de calorifugeage\u202f? - wordpress-680753-2241296.cloudwaysapps.com","og_description":"Le calorifugeage am\u00e9liore l\u2019isolation thermique des canalisations de chauffage de vos b\u00e2timents industriels et tertiaires.MC CALORIFUGE vous accompagne dans votre transition \u00e9nerg\u00e9tique","og_url":"https:\/\/mc-calorifuge.fr\/index.php\/recherchez-vous-une-entreprise-de-calorifugeage\/","og_site_name":"wordpress-680753-2241296.cloudwaysapps.com","article_publisher":"https:\/\/www.facebook.com\/profile.php?id=100069284468732","article_modified_time":"2023-01-15T21:10:48+00:00","og_image":[{"url":"http:\/\/mc-calorifuge.fr\/wp-content\/uploads\/2022\/12\/quiSommesNous.jpeg"}],"twitter_card":"summary_large_image","twitter_misc":{"Dur\u00e9e de lecture estim\u00e9e":"3 minutes"},"schema":{"@context":"https:\/\/schema.org","@graph":[{"@type":"WebPage","@id":"https:\/\/mc-calorifuge.fr\/index.php\/recherchez-vous-une-entreprise-de-calorifugeage\/","url":"https:\/\/mc-calorifuge.fr\/index.php\/recherchez-vous-une-entreprise-de-calorifugeage\/","name":"Recherchez-vous une entreprise de calorifugeage\u202f? - wordpress-680753-2241296.cloudwaysapps.com","isPartOf":{"@id":"https:\/\/mc-calorifuge.fr\/#website"},"datePublished":"2022-04-25T01:40:02+00:00","dateModified":"2023-01-15T21:10:48+00:00","description":"Le calorifugeage am\u00e9liore l\u2019isolation thermique des canalisations de chauffage de vos b\u00e2timents industriels et tertiaires.MC CALORIFUGE vous accompagne dans votre transition \u00e9nerg\u00e9tique","breadcrumb":{"@id":"https:\/\/mc-calorifuge.fr\/index.php\/recherchez-vous-une-entreprise-de-calorifugeage\/#breadcrumb"},"inLanguage":"fr-FR","potentialAction":[{"@type":"ReadAction","target":["https:\/\/mc-calorifuge.fr\/index.php\/recherchez-vous-une-entreprise-de-calorifugeage\/"]}]},{"@type":"BreadcrumbList","@id":"https:\/\/mc-calorifuge.fr\/index.php\/recherchez-vous-une-entreprise-de-calorifugeage\/#breadcrumb","itemListElement":[{"@type":"ListItem","position":1,"name":"Accueil","item":"https:\/\/mc-calorifuge.fr\/"},{"@type":"ListItem","position":2,"name":"Recherchez-vous une entreprise de calorifugeage\u202f?"}]},{"@type":"WebSite","@id":"https:\/\/mc-calorifuge.fr\/#website","url":"https:\/\/mc-calorifuge.fr\/","name":"wordpress-680753-2241296.cloudwaysapps.com","description":"Just another WordPress site","publisher":{"@id":"https:\/\/mc-calorifuge.fr\/#organization"},"potentialAction":[{"@type":"SearchAction","target":{"@type":"EntryPoint","urlTemplate":"https:\/\/mc-calorifuge.fr\/?s={search_term_string}"},"query-input":"required name=search_term_string"}],"inLanguage":"fr-FR"},{"@type":"Organization","@id":"https:\/\/mc-calorifuge.fr\/#organization","name":"wordpress-680753-2241296.cloudwaysapps.com","url":"https:\/\/mc-calorifuge.fr\/","logo":{"@type":"ImageObject","inLanguage":"fr-FR","@id":"https:\/\/mc-calorifuge.fr\/#\/schema\/logo\/image\/","url":"https:\/\/mc-calorifuge.fr\/wp-content\/uploads\/2022\/11\/cropped-9E4ED811-62BB-4E6B-9F93-66A2D07163B4_4_5005_c-1.png","contentUrl":"https:\/\/mc-calorifuge.fr\/wp-content\/uploads\/2022\/11\/cropped-9E4ED811-62BB-4E6B-9F93-66A2D07163B4_4_5005_c-1.png","width":317,"height":267,"caption":"wordpress-680753-2241296.cloudwaysapps.com"},"image":{"@id":"https:\/\/mc-calorifuge.fr\/#\/schema\/logo\/image\/"},"sameAs":["https:\/\/www.facebook.com\/profile.php?id=100069284468732"]}]}},"_links":{"self":[{"href":"https:\/\/mc-calorifuge.fr\/index.php\/wp-json\/wp\/v2\/pages\/619"}],"collection":[{"href":"https:\/\/mc-calorifuge.fr\/index.php\/wp-json\/wp\/v2\/pages"}],"about":[{"href":"https:\/\/mc-calorifuge.fr\/index.php\/wp-json\/wp\/v2\/types\/page"}],"author":[{"embeddable":true,"href":"https:\/\/mc-calorifuge.fr\/index.php\/wp-json\/wp\/v2\/users\/2"}],"replies":[{"embeddable":true,"href":"https:\/\/mc-calorifuge.fr\/index.php\/wp-json\/wp\/v2\/comments?post=619"}],"version-history":[{"count":94,"href":"https:\/\/mc-calorifuge.fr\/index.php\/wp-json\/wp\/v2\/pages\/619\/revisions"}],"predecessor-version":[{"id":2662,"href":"https:\/\/mc-calorifuge.fr\/index.php\/wp-json\/wp\/v2\/pages\/619\/revisions\/2662"}],"wp:attachment":[{"href":"https:\/\/mc-calorifuge.fr\/index.php\/wp-json\/wp\/v2\/media?parent=619"}],"curies":[{"name":"wp","href":"https:\/\/api.w.org\/{rel}","templated":true}]}}