{"id":2461,"date":"2022-12-19T08:19:57","date_gmt":"2022-12-19T08:19:57","guid":{"rendered":"http:\/\/kpvafoz.cluster028.hosting.ovh.net\/?page_id=2461"},"modified":"2023-01-12T17:42:29","modified_gmt":"2023-01-12T17:42:29","slug":"gaine-staff-et-flocage","status":"publish","type":"page","link":"https:\/\/mc-calorifuge.fr\/index.php\/gaine-staff-et-flocage\/","title":{"rendered":"GAINE STAFF ET FLOCAGE"},"content":{"rendered":"\t\t<div data-elementor-type=\"wp-page\" data-elementor-id=\"2461\" class=\"elementor elementor-2461\">\n\t\t\t\t\t\t<section class=\"elementor-section elementor-top-section elementor-element elementor-element-31c882c elementor-section-boxed elementor-section-height-default elementor-section-height-default\" data-id=\"31c882c\" data-element_type=\"section\" data-settings=\"{&quot;jet_parallax_layout_list&quot;:[]}\">\n\t\t\t\t\t\t<div class=\"elementor-container elementor-column-gap-default\">\n\t\t\t\t\t<div class=\"elementor-column elementor-col-100 elementor-top-column elementor-element elementor-element-40cf76\" data-id=\"40cf76\" data-element_type=\"column\">\n\t\t\t<div class=\"elementor-widget-wrap elementor-element-populated\">\n\t\t\t\t\t\t<div class=\"elementor-element elementor-element-16bc9193 elementor-widget elementor-widget-text-editor\" data-id=\"16bc9193\" data-element_type=\"widget\" data-widget_type=\"text-editor.default\">\n\t\t\t\t<div class=\"elementor-widget-container\">\n\t\t\t\t\t\t\t<!-- wp:themeisle-blocks\/advanced-columns {\"id\":\"wp-block-themeisle-blocks-advanced-columns-e9312627\",\"columns\":0} -->\n<div id=\"wp-block-themeisle-blocks-advanced-columns-e9312627\" class=\"wp-block-themeisle-blocks-advanced-columns has-0-columns has-desktop-undefined-layout has-tablet-equal-layout has-mobile-equal-layout has-vertical-unset\"><div class=\"wp-block-themeisle-blocks-advanced-columns-overlay\"><\/div><div class=\"innerblocks-wrap\"><\/div><\/div>\n<!-- \/wp:themeisle-blocks\/advanced-columns -->\t\t\t\t\t\t<\/div>\n\t\t\t\t<\/div>\n\t\t\t\t\t<\/div>\n\t\t<\/div>\n\t\t\t\t\t<\/div>\n\t\t<\/section>\n\t\t\t\t<section class=\"elementor-section elementor-top-section elementor-element elementor-element-20dd970 elementor-section-boxed elementor-section-height-default elementor-section-height-default\" data-id=\"20dd970\" data-element_type=\"section\" data-settings=\"{&quot;jet_parallax_layout_list&quot;:[]}\">\n\t\t\t\t\t\t<div class=\"elementor-container elementor-column-gap-default\">\n\t\t\t\t\t<div class=\"elementor-column elementor-col-33 elementor-top-column elementor-element elementor-element-fbf77df\" data-id=\"fbf77df\" data-element_type=\"column\">\n\t\t\t<div class=\"elementor-widget-wrap elementor-element-populated\">\n\t\t\t\t\t\t<div class=\"elementor-element elementor-element-18e368c elementor-widget elementor-widget-image\" data-id=\"18e368c\" data-element_type=\"widget\" data-widget_type=\"image.default\">\n\t\t\t\t<div class=\"elementor-widget-container\">\n\t\t\t\t\t\t\t\t\t\t<figure class=\"wp-caption\">\n\t\t\t\t\t\t\t\t\t\t<img fetchpriority=\"high\" decoding=\"async\" width=\"1024\" height=\"768\" src=\"https:\/\/mc-calorifuge.fr\/wp-content\/uploads\/2022\/12\/flocage-coupe-feu.jpeg.jpg\" class=\"attachment-large size-large wp-image-2598\" alt=\"FLOCAGE-COUPE-FEU\" srcset=\"https:\/\/mc-calorifuge.fr\/wp-content\/uploads\/2022\/12\/flocage-coupe-feu.jpeg.jpg 1024w, https:\/\/mc-calorifuge.fr\/wp-content\/uploads\/2022\/12\/flocage-coupe-feu.jpeg-300x225.jpg 300w, https:\/\/mc-calorifuge.fr\/wp-content\/uploads\/2022\/12\/flocage-coupe-feu.jpeg-768x576.jpg 768w, https:\/\/mc-calorifuge.fr\/wp-content\/uploads\/2022\/12\/flocage-coupe-feu.jpeg-600x450.jpg 600w\" sizes=\"(max-width: 1024px) 100vw, 1024px\" \/>\t\t\t\t\t\t\t\t\t\t\t<figcaption class=\"widget-image-caption wp-caption-text\">FLOCAGE-COUPE-FEU<\/figcaption>\n\t\t\t\t\t\t\t\t\t\t<\/figure>\n\t\t\t\t\t\t\t<\/div>\n\t\t\t\t<\/div>\n\t\t\t\t\t<\/div>\n\t\t<\/div>\n\t\t\t\t<div class=\"elementor-column elementor-col-33 elementor-top-column elementor-element elementor-element-d6a758b\" data-id=\"d6a758b\" data-element_type=\"column\">\n\t\t\t<div class=\"elementor-widget-wrap elementor-element-populated\">\n\t\t\t\t\t\t<div class=\"elementor-element elementor-element-5b089b7 elementor-widget elementor-widget-image\" data-id=\"5b089b7\" data-element_type=\"widget\" data-widget_type=\"image.default\">\n\t\t\t\t<div class=\"elementor-widget-container\">\n\t\t\t\t\t\t\t\t\t\t<figure class=\"wp-caption\">\n\t\t\t\t\t\t\t\t\t\t<img decoding=\"async\" width=\"640\" height=\"460\" src=\"https:\/\/mc-calorifuge.fr\/wp-content\/uploads\/2022\/12\/stisol-image-finition-pateux-charpente-metallique.jpeg.jpg\" class=\"attachment-large size-large wp-image-2599\" alt=\"MC CALORIFUGE\" srcset=\"https:\/\/mc-calorifuge.fr\/wp-content\/uploads\/2022\/12\/stisol-image-finition-pateux-charpente-metallique.jpeg.jpg 640w, https:\/\/mc-calorifuge.fr\/wp-content\/uploads\/2022\/12\/stisol-image-finition-pateux-charpente-metallique.jpeg-300x216.jpg 300w, https:\/\/mc-calorifuge.fr\/wp-content\/uploads\/2022\/12\/stisol-image-finition-pateux-charpente-metallique.jpeg-600x431.jpg 600w\" sizes=\"(max-width: 640px) 100vw, 640px\" \/>\t\t\t\t\t\t\t\t\t\t\t<figcaption class=\"widget-image-caption wp-caption-text\">MC CALORIFUGE<\/figcaption>\n\t\t\t\t\t\t\t\t\t\t<\/figure>\n\t\t\t\t\t\t\t<\/div>\n\t\t\t\t<\/div>\n\t\t\t\t\t<\/div>\n\t\t<\/div>\n\t\t\t\t<div class=\"elementor-column elementor-col-33 elementor-top-column elementor-element elementor-element-8df4ec6\" data-id=\"8df4ec6\" data-element_type=\"column\">\n\t\t\t<div class=\"elementor-widget-wrap elementor-element-populated\">\n\t\t\t\t\t\t<div class=\"elementor-element elementor-element-1948fea elementor-widget elementor-widget-image\" data-id=\"1948fea\" data-element_type=\"widget\" data-widget_type=\"image.default\">\n\t\t\t\t<div class=\"elementor-widget-container\">\n\t\t\t\t\t\t\t\t\t\t<figure class=\"wp-caption\">\n\t\t\t\t\t\t\t\t\t\t<img decoding=\"async\" width=\"1024\" height=\"768\" src=\"https:\/\/mc-calorifuge.fr\/wp-content\/uploads\/2022\/12\/0.jpeg-1024x768.jpg\" class=\"attachment-large size-large wp-image-2600\" alt=\"GAINE STAFF\" srcset=\"https:\/\/mc-calorifuge.fr\/wp-content\/uploads\/2022\/12\/0.jpeg-1024x768.jpg 1024w, https:\/\/mc-calorifuge.fr\/wp-content\/uploads\/2022\/12\/0.jpeg-300x225.jpg 300w, https:\/\/mc-calorifuge.fr\/wp-content\/uploads\/2022\/12\/0.jpeg-768x576.jpg 768w, https:\/\/mc-calorifuge.fr\/wp-content\/uploads\/2022\/12\/0.jpeg-600x450.jpg 600w, https:\/\/mc-calorifuge.fr\/wp-content\/uploads\/2022\/12\/0.jpeg.jpg 1200w\" sizes=\"(max-width: 1024px) 100vw, 1024px\" \/>\t\t\t\t\t\t\t\t\t\t\t<figcaption class=\"widget-image-caption wp-caption-text\">GAINE STAFF<\/figcaption>\n\t\t\t\t\t\t\t\t\t\t<\/figure>\n\t\t\t\t\t\t\t<\/div>\n\t\t\t\t<\/div>\n\t\t\t\t\t<\/div>\n\t\t<\/div>\n\t\t\t\t\t<\/div>\n\t\t<\/section>\n\t\t\t\t<section class=\"elementor-section elementor-top-section elementor-element elementor-element-f79fcd7 elementor-section-boxed elementor-section-height-default elementor-section-height-default\" data-id=\"f79fcd7\" data-element_type=\"section\" data-settings=\"{&quot;jet_parallax_layout_list&quot;:[]}\">\n\t\t\t\t\t\t<div class=\"elementor-container elementor-column-gap-default\">\n\t\t\t\t\t<div class=\"elementor-column elementor-col-100 elementor-top-column elementor-element elementor-element-f9b0c2d\" data-id=\"f9b0c2d\" data-element_type=\"column\">\n\t\t\t<div class=\"elementor-widget-wrap elementor-element-populated\">\n\t\t\t\t\t\t<div class=\"elementor-element elementor-element-08fa3f5 elementor-widget elementor-widget-heading\" data-id=\"08fa3f5\" data-element_type=\"widget\" data-widget_type=\"heading.default\">\n\t\t\t\t<div class=\"elementor-widget-container\">\n\t\t\t<h2 class=\"elementor-heading-title elementor-size-default\">GAINE STAFF ET FLOCAGE<\/h2>\t\t<\/div>\n\t\t\t\t<\/div>\n\t\t\t\t<div class=\"elementor-element elementor-element-8c58a63 elementor-widget elementor-widget-text-editor\" data-id=\"8c58a63\" data-element_type=\"widget\" data-widget_type=\"text-editor.default\">\n\t\t\t\t<div class=\"elementor-widget-container\">\n\t\t\t\t\t\t\t<p><span style=\"font-weight: 400;\">La<\/span><span style=\"color: #ff9900;\"><b> gaine staff<\/b><\/span><span style=\"font-weight: 400;\"><span style=\"color: #ff9900;\">,<\/span> ou gaine coupe-feu, est un mur pr\u00e9fabriqu\u00e9 qui emp\u00eache\u00a0 la propagation du feu ou des fum\u00e9es via les conduits d\u2019a\u00e9ration, les chemins de c\u00e2bles et autres conduits traversants.<\/span><\/p>\n<p><span style=\"font-weight: 400;\">Une fois d\u00e9clench\u00e9, ce principe de protection s\u2019applique sur une dur\u00e9e de 2 \u00e0 4 heures.<\/span><\/p>\n<h2 style=\"text-align: center;\"><b>IL EXISTE DEUX TYPES DE GAINE\u00a0<\/b><\/h2>\n<p><span style=\"font-weight: 400;\">\u2013 <\/span><b>La gaine de d\u00e9senfumage<\/b><span style=\"font-weight: 400;\"> ou conduit de d\u00e9senfumage horizontal et vertical qui assure la protection passive contre l\u2019incendie et permet d\u2019\u00e9vacuer les fum\u00e9es et gaz chauds \u00e0 l\u2019ext\u00e9rieur d\u2019un b\u00e2timent professionnel. Via un r\u00e9seau sp\u00e9cifique de conduits r\u00e9alis\u00e9s en mat\u00e9riaux coupe-feu.<\/span><\/p>\n<p><span style=\"font-weight: 400;\">Les zones concern\u00e9es par le d\u00e9senfumage sont en g\u00e9n\u00e9ral des espaces de circulation tels que les escaliers, les couloirs, les parkings ou les compartiments.<\/span><\/p>\n<p><span style=\"font-weight: 400;\">\u2013<\/span><b> La gaine de ventilation <\/b><span style=\"font-weight: 400;\">ou conduit de ventilation qui repr\u00e9sente un r\u00e9seau a\u00e9raulique. R\u00e9alis\u00e9e g\u00e9n\u00e9ralement en acier galvanis\u00e9 ou en PVC, la gaine ou conduit de ventilation est rectangulaire ou circulaire.<\/span><\/p>\n<p><span style=\"font-weight: 400;\">La gaine de ventilation transporte de l\u2019air pour des besoins de chauffage, de climatisation ou d\u2019a\u00e9ration. Elle peut \u00eatre isol\u00e9e thermiquement \u00e0 l\u2019int\u00e9rieur comme \u00e0 l\u2019ext\u00e9rieur.<\/span><\/p>\n<p><span style=\"font-weight: 400;\">Certaines gaines sont r\u00e9alis\u00e9es int\u00e9gralement en mat\u00e9riaux isolants et compacts, comme les gaines en fibair. Il s\u2019agit de gaines plus l\u00e9g\u00e8res qui permettent une att\u00e9nuation acoustique sup\u00e9rieure \u00e0 celle d\u2019une gaine t\u00f4le en acier galvanis\u00e9.<\/span><\/p>\n<p><span style=\"font-weight: 400;\">La gaine de ventilation est reli\u00e9e (sauf en cas de ventilation naturelle ou d\u00e9senfumage naturel), \u00e0 des extracteurs d\u2019air VMC, de d\u00e9senfumage ou des insufflateurs d\u2019air ou centrales de traitement d\u2019air appel\u00e9es CTA.<\/span><\/p>\n<p><span style=\"font-weight: 400;\">Enfin, le staff est un mat\u00e9riau de construction pr\u00e9fabriqu\u00e9 \u00e0 base de pl\u00e2tre arm\u00e9 de fibres.<\/span><\/p>\n<h2 style=\"text-align: center;\"><b>LE FLOCAGE : D\u00c9FINITION ET SOLUTIONS TECHNIQUES\u00a0<\/b><\/h2>\n<p><span style=\"font-weight: 400;\">Le <\/span><span style=\"color: #ff9900;\"><b>flocage<\/b><\/span><span style=\"font-weight: 400;\"> consiste \u00e0 projeter une fibre min\u00e9rale sur un support pour une utilisation coupe-feu.<\/span><\/p>\n<p><span style=\"font-weight: 400;\">L\u2019isolation par flocage permet de prot\u00e9ger efficacement d\u2019un point de vue thermique, les murs ou les plafonds de vos b\u00e2tis professionnels.<\/span><\/p>\n<p><span style=\"font-weight: 400;\">Une solution optimale et recommand\u00e9e pour les b\u00e2timents accueillant du public (de nombreux avantages en mati\u00e8re de protection coupe-feu).<\/span><\/p>\n<p><span style=\"font-weight: 400;\">Les locaux techniques, les ateliers, les entrep\u00f4ts et les b\u00e2timents industriels recourent \u00e0 une protection coupe-feu par flocage, car peu de contraintes esth\u00e9tiques, mais des exigences pare-feux incontournables.<\/span><\/p>\n<h2 style=\"text-align: center;\"><span style=\"font-weight: 400;\">Il existe <\/span><b>deux types de flocage :<\/b><i><\/i><\/h2>\n<ul>\n<li style=\"font-weight: 400;\" aria-level=\"1\"><i><span style=\"font-weight: 400;\">Le <\/span><\/i><b><i>flocage p\u00e2teux<\/i><\/b><i><span style=\"font-weight: 400;\">, principalement utilis\u00e9 pour la protection d&#8217;incendie, tr\u00e8s rigide.<\/span><\/i><\/li>\n<li style=\"font-weight: 400;\" aria-level=\"1\"><i><span style=\"font-weight: 400;\">Le <\/span><\/i><b><i>flocage fibreux, <\/i><\/b><i><span style=\"font-weight: 400;\">quant \u00e0 lui, est surtout utilis\u00e9 pour une isolation thermique.<\/span><\/i><\/li>\n<\/ul>\n<p><span style=\"font-weight: 400;\">Les techniques de<\/span><b> calorifugeage<\/b><span style=\"font-weight: 400;\"> propos\u00e9es par <\/span><b>MC CALORIFUGE <\/b><span style=\"font-weight: 400;\">sont r\u00e9alis\u00e9es en staff et en flocage.<\/span><\/p>\t\t\t\t\t\t<\/div>\n\t\t\t\t<\/div>\n\t\t\t\t\t<\/div>\n\t\t<\/div>\n\t\t\t\t\t<\/div>\n\t\t<\/section>\n\t\t\t\t<\/div>\n\t\t","protected":false},"excerpt":{"rendered":"<p>FLOCAGE-COUPE-FEU MC CALORIFUGE GAINE STAFF GAINE STAFF ET FLOCAGE La gaine staff, ou gaine coupe-feu, est un mur pr\u00e9fabriqu\u00e9 qui emp\u00eache\u00a0 la propagation du feu ou des fum\u00e9es via les conduits d\u2019a\u00e9ration, les chemins de c\u00e2bles et autres conduits traversants. Une fois d\u00e9clench\u00e9, ce principe de protection s\u2019applique sur une dur\u00e9e de 2 \u00e0 4 [&hellip;]<\/p>\n","protected":false},"author":2,"featured_media":0,"parent":0,"menu_order":0,"comment_status":"closed","ping_status":"closed","template":"elementor_header_footer","meta":{"ocean_post_layout":"","ocean_both_sidebars_style":"","ocean_both_sidebars_content_width":0,"ocean_both_sidebars_sidebars_width":0,"ocean_sidebar":"0","ocean_second_sidebar":"0","ocean_disable_margins":"enable","ocean_add_body_class":"","ocean_shortcode_before_top_bar":"","ocean_shortcode_after_top_bar":"","ocean_shortcode_before_header":"","ocean_shortcode_after_header":"","ocean_has_shortcode":"","ocean_shortcode_after_title":"","ocean_shortcode_before_footer_widgets":"","ocean_shortcode_after_footer_widgets":"","ocean_shortcode_before_footer_bottom":"","ocean_shortcode_after_footer_bottom":"","ocean_display_top_bar":"default","ocean_display_header":"default","ocean_header_style":"","ocean_center_header_left_menu":"0","ocean_custom_header_template":"0","ocean_custom_logo":0,"ocean_custom_retina_logo":0,"ocean_custom_logo_max_width":0,"ocean_custom_logo_tablet_max_width":0,"ocean_custom_logo_mobile_max_width":0,"ocean_custom_logo_max_height":0,"ocean_custom_logo_tablet_max_height":0,"ocean_custom_logo_mobile_max_height":0,"ocean_header_custom_menu":"0","ocean_menu_typo_font_family":"0","ocean_menu_typo_font_subset":"","ocean_menu_typo_font_size":0,"ocean_menu_typo_font_size_tablet":0,"ocean_menu_typo_font_size_mobile":0,"ocean_menu_typo_font_size_unit":"px","ocean_menu_typo_font_weight":"","ocean_menu_typo_font_weight_tablet":"","ocean_menu_typo_font_weight_mobile":"","ocean_menu_typo_transform":"","ocean_menu_typo_transform_tablet":"","ocean_menu_typo_transform_mobile":"","ocean_menu_typo_line_height":0,"ocean_menu_typo_line_height_tablet":0,"ocean_menu_typo_line_height_mobile":0,"ocean_menu_typo_line_height_unit":"","ocean_menu_typo_spacing":0,"ocean_menu_typo_spacing_tablet":0,"ocean_menu_typo_spacing_mobile":0,"ocean_menu_typo_spacing_unit":"","ocean_menu_link_color":"","ocean_menu_link_color_hover":"","ocean_menu_link_color_active":"","ocean_menu_link_background":"","ocean_menu_link_hover_background":"","ocean_menu_link_active_background":"","ocean_menu_social_links_bg":"","ocean_menu_social_hover_links_bg":"","ocean_menu_social_links_color":"","ocean_menu_social_hover_links_color":"","ocean_disable_title":"on","ocean_disable_heading":"default","ocean_post_title":"","ocean_post_subheading":"","ocean_post_title_style":"","ocean_post_title_background_color":"","ocean_post_title_background":0,"ocean_post_title_bg_image_position":"","ocean_post_title_bg_image_attachment":"","ocean_post_title_bg_image_repeat":"","ocean_post_title_bg_image_size":"","ocean_post_title_height":0,"ocean_post_title_bg_overlay":0.5,"ocean_post_title_bg_overlay_color":"","ocean_disable_breadcrumbs":"default","ocean_breadcrumbs_color":"","ocean_breadcrumbs_separator_color":"","ocean_breadcrumbs_links_color":"","ocean_breadcrumbs_links_hover_color":"","ocean_display_footer_widgets":"default","ocean_display_footer_bottom":"default","ocean_custom_footer_template":"0","_themeisle_gutenberg_block_has_review":false,"footnotes":""},"class_list":["post-2461","page","type-page","status-publish","hentry","entry","owp-thumbs-layout-horizontal","owp-btn-normal","owp-tabs-layout-horizontal","has-no-thumbnails","has-product-nav"],"yoast_head":"<!-- This site is optimized with the Yoast SEO plugin v19.14 - https:\/\/yoast.com\/wordpress\/plugins\/seo\/ -->\n<title>Gaine staff et flocage, les solutions de MC CALORIFUGE<\/title>\n<meta name=\"description\" content=\"Vous recherchez une entreprise capable d&#039;assurer l\u2019isolation thermique de vos b\u00e2timents professionnels en termes de gaine staff et de flocage\u202f? MC CALORIFUGE est votre interlocuteur d\u00e9di\u00e9\" \/>\n<meta name=\"robots\" content=\"noindex, follow, max-snippet:-1, max-image-preview:large, max-video-preview:-1\" \/>\n<meta property=\"og:locale\" content=\"fr_FR\" \/>\n<meta property=\"og:type\" content=\"article\" \/>\n<meta property=\"og:title\" content=\"Gaine staff et flocage, les solutions de MC CALORIFUGE\" \/>\n<meta property=\"og:description\" content=\"Vous recherchez une entreprise capable d&#039;assurer l\u2019isolation thermique de vos b\u00e2timents professionnels en termes de gaine staff et de flocage\u202f? MC CALORIFUGE est votre interlocuteur d\u00e9di\u00e9\" \/>\n<meta property=\"og:url\" content=\"https:\/\/mc-calorifuge.fr\/index.php\/gaine-staff-et-flocage\/\" \/>\n<meta property=\"og:site_name\" content=\"wordpress-680753-2241296.cloudwaysapps.com\" \/>\n<meta property=\"article:publisher\" content=\"https:\/\/www.facebook.com\/profile.php?id=100069284468732\" \/>\n<meta property=\"article:modified_time\" content=\"2023-01-12T17:42:29+00:00\" \/>\n<meta property=\"og:image\" content=\"http:\/\/mc-calorifuge.fr\/wp-content\/uploads\/2022\/12\/flocage-coupe-feu.jpeg.jpg\" \/>\n<meta name=\"twitter:card\" content=\"summary_large_image\" \/>\n<meta name=\"twitter:label1\" content=\"Dur\u00e9e de lecture estim\u00e9e\" \/>\n\t<meta name=\"twitter:data1\" content=\"3 minutes\" \/>\n<script type=\"application\/ld+json\" class=\"yoast-schema-graph\">{\"@context\":\"https:\/\/schema.org\",\"@graph\":[{\"@type\":\"WebPage\",\"@id\":\"https:\/\/mc-calorifuge.fr\/index.php\/gaine-staff-et-flocage\/\",\"url\":\"https:\/\/mc-calorifuge.fr\/index.php\/gaine-staff-et-flocage\/\",\"name\":\"Gaine staff et flocage, les solutions de MC CALORIFUGE\",\"isPartOf\":{\"@id\":\"https:\/\/mc-calorifuge.fr\/#website\"},\"datePublished\":\"2022-12-19T08:19:57+00:00\",\"dateModified\":\"2023-01-12T17:42:29+00:00\",\"description\":\"Vous recherchez une entreprise capable d'assurer l\u2019isolation thermique de vos b\u00e2timents professionnels en termes de gaine staff et de flocage\u202f? MC CALORIFUGE est votre interlocuteur d\u00e9di\u00e9\",\"breadcrumb\":{\"@id\":\"https:\/\/mc-calorifuge.fr\/index.php\/gaine-staff-et-flocage\/#breadcrumb\"},\"inLanguage\":\"fr-FR\",\"potentialAction\":[{\"@type\":\"ReadAction\",\"target\":[\"https:\/\/mc-calorifuge.fr\/index.php\/gaine-staff-et-flocage\/\"]}]},{\"@type\":\"BreadcrumbList\",\"@id\":\"https:\/\/mc-calorifuge.fr\/index.php\/gaine-staff-et-flocage\/#breadcrumb\",\"itemListElement\":[{\"@type\":\"ListItem\",\"position\":1,\"name\":\"Accueil\",\"item\":\"https:\/\/mc-calorifuge.fr\/\"},{\"@type\":\"ListItem\",\"position\":2,\"name\":\"GAINE STAFF ET FLOCAGE\"}]},{\"@type\":\"WebSite\",\"@id\":\"https:\/\/mc-calorifuge.fr\/#website\",\"url\":\"https:\/\/mc-calorifuge.fr\/\",\"name\":\"wordpress-680753-2241296.cloudwaysapps.com\",\"description\":\"Just another WordPress site\",\"publisher\":{\"@id\":\"https:\/\/mc-calorifuge.fr\/#organization\"},\"potentialAction\":[{\"@type\":\"SearchAction\",\"target\":{\"@type\":\"EntryPoint\",\"urlTemplate\":\"https:\/\/mc-calorifuge.fr\/?s={search_term_string}\"},\"query-input\":\"required name=search_term_string\"}],\"inLanguage\":\"fr-FR\"},{\"@type\":\"Organization\",\"@id\":\"https:\/\/mc-calorifuge.fr\/#organization\",\"name\":\"wordpress-680753-2241296.cloudwaysapps.com\",\"url\":\"https:\/\/mc-calorifuge.fr\/\",\"logo\":{\"@type\":\"ImageObject\",\"inLanguage\":\"fr-FR\",\"@id\":\"https:\/\/mc-calorifuge.fr\/#\/schema\/logo\/image\/\",\"url\":\"https:\/\/mc-calorifuge.fr\/wp-content\/uploads\/2022\/11\/cropped-9E4ED811-62BB-4E6B-9F93-66A2D07163B4_4_5005_c-1.png\",\"contentUrl\":\"https:\/\/mc-calorifuge.fr\/wp-content\/uploads\/2022\/11\/cropped-9E4ED811-62BB-4E6B-9F93-66A2D07163B4_4_5005_c-1.png\",\"width\":317,\"height\":267,\"caption\":\"wordpress-680753-2241296.cloudwaysapps.com\"},\"image\":{\"@id\":\"https:\/\/mc-calorifuge.fr\/#\/schema\/logo\/image\/\"},\"sameAs\":[\"https:\/\/www.facebook.com\/profile.php?id=100069284468732\"]}]}<\/script>\n<!-- \/ Yoast SEO plugin. -->","yoast_head_json":{"title":"Gaine staff et flocage, les solutions de MC CALORIFUGE","description":"Vous recherchez une entreprise capable d'assurer l\u2019isolation thermique de vos b\u00e2timents professionnels en termes de gaine staff et de flocage\u202f? MC CALORIFUGE est votre interlocuteur d\u00e9di\u00e9","robots":{"index":"noindex","follow":"follow","max-snippet":"max-snippet:-1","max-image-preview":"max-image-preview:large","max-video-preview":"max-video-preview:-1"},"og_locale":"fr_FR","og_type":"article","og_title":"Gaine staff et flocage, les solutions de MC CALORIFUGE","og_description":"Vous recherchez une entreprise capable d'assurer l\u2019isolation thermique de vos b\u00e2timents professionnels en termes de gaine staff et de flocage\u202f? MC CALORIFUGE est votre interlocuteur d\u00e9di\u00e9","og_url":"https:\/\/mc-calorifuge.fr\/index.php\/gaine-staff-et-flocage\/","og_site_name":"wordpress-680753-2241296.cloudwaysapps.com","article_publisher":"https:\/\/www.facebook.com\/profile.php?id=100069284468732","article_modified_time":"2023-01-12T17:42:29+00:00","og_image":[{"url":"http:\/\/mc-calorifuge.fr\/wp-content\/uploads\/2022\/12\/flocage-coupe-feu.jpeg.jpg"}],"twitter_card":"summary_large_image","twitter_misc":{"Dur\u00e9e de lecture estim\u00e9e":"3 minutes"},"schema":{"@context":"https:\/\/schema.org","@graph":[{"@type":"WebPage","@id":"https:\/\/mc-calorifuge.fr\/index.php\/gaine-staff-et-flocage\/","url":"https:\/\/mc-calorifuge.fr\/index.php\/gaine-staff-et-flocage\/","name":"Gaine staff et flocage, les solutions de MC CALORIFUGE","isPartOf":{"@id":"https:\/\/mc-calorifuge.fr\/#website"},"datePublished":"2022-12-19T08:19:57+00:00","dateModified":"2023-01-12T17:42:29+00:00","description":"Vous recherchez une entreprise capable d'assurer l\u2019isolation thermique de vos b\u00e2timents professionnels en termes de gaine staff et de flocage\u202f? MC CALORIFUGE est votre interlocuteur d\u00e9di\u00e9","breadcrumb":{"@id":"https:\/\/mc-calorifuge.fr\/index.php\/gaine-staff-et-flocage\/#breadcrumb"},"inLanguage":"fr-FR","potentialAction":[{"@type":"ReadAction","target":["https:\/\/mc-calorifuge.fr\/index.php\/gaine-staff-et-flocage\/"]}]},{"@type":"BreadcrumbList","@id":"https:\/\/mc-calorifuge.fr\/index.php\/gaine-staff-et-flocage\/#breadcrumb","itemListElement":[{"@type":"ListItem","position":1,"name":"Accueil","item":"https:\/\/mc-calorifuge.fr\/"},{"@type":"ListItem","position":2,"name":"GAINE STAFF ET FLOCAGE"}]},{"@type":"WebSite","@id":"https:\/\/mc-calorifuge.fr\/#website","url":"https:\/\/mc-calorifuge.fr\/","name":"wordpress-680753-2241296.cloudwaysapps.com","description":"Just another WordPress site","publisher":{"@id":"https:\/\/mc-calorifuge.fr\/#organization"},"potentialAction":[{"@type":"SearchAction","target":{"@type":"EntryPoint","urlTemplate":"https:\/\/mc-calorifuge.fr\/?s={search_term_string}"},"query-input":"required name=search_term_string"}],"inLanguage":"fr-FR"},{"@type":"Organization","@id":"https:\/\/mc-calorifuge.fr\/#organization","name":"wordpress-680753-2241296.cloudwaysapps.com","url":"https:\/\/mc-calorifuge.fr\/","logo":{"@type":"ImageObject","inLanguage":"fr-FR","@id":"https:\/\/mc-calorifuge.fr\/#\/schema\/logo\/image\/","url":"https:\/\/mc-calorifuge.fr\/wp-content\/uploads\/2022\/11\/cropped-9E4ED811-62BB-4E6B-9F93-66A2D07163B4_4_5005_c-1.png","contentUrl":"https:\/\/mc-calorifuge.fr\/wp-content\/uploads\/2022\/11\/cropped-9E4ED811-62BB-4E6B-9F93-66A2D07163B4_4_5005_c-1.png","width":317,"height":267,"caption":"wordpress-680753-2241296.cloudwaysapps.com"},"image":{"@id":"https:\/\/mc-calorifuge.fr\/#\/schema\/logo\/image\/"},"sameAs":["https:\/\/www.facebook.com\/profile.php?id=100069284468732"]}]}},"_links":{"self":[{"href":"https:\/\/mc-calorifuge.fr\/index.php\/wp-json\/wp\/v2\/pages\/2461"}],"collection":[{"href":"https:\/\/mc-calorifuge.fr\/index.php\/wp-json\/wp\/v2\/pages"}],"about":[{"href":"https:\/\/mc-calorifuge.fr\/index.php\/wp-json\/wp\/v2\/types\/page"}],"author":[{"embeddable":true,"href":"https:\/\/mc-calorifuge.fr\/index.php\/wp-json\/wp\/v2\/users\/2"}],"replies":[{"embeddable":true,"href":"https:\/\/mc-calorifuge.fr\/index.php\/wp-json\/wp\/v2\/comments?post=2461"}],"version-history":[{"count":37,"href":"https:\/\/mc-calorifuge.fr\/index.php\/wp-json\/wp\/v2\/pages\/2461\/revisions"}],"predecessor-version":[{"id":2642,"href":"https:\/\/mc-calorifuge.fr\/index.php\/wp-json\/wp\/v2\/pages\/2461\/revisions\/2642"}],"wp:attachment":[{"href":"https:\/\/mc-calorifuge.fr\/index.php\/wp-json\/wp\/v2\/media?parent=2461"}],"curies":[{"name":"wp","href":"https:\/\/api.w.org\/{rel}","templated":true}]}}