{"id":2447,"date":"2022-12-19T07:54:31","date_gmt":"2022-12-19T07:54:31","guid":{"rendered":"http:\/\/kpvafoz.cluster028.hosting.ovh.net\/?page_id=2447"},"modified":"2022-12-24T17:22:14","modified_gmt":"2022-12-24T17:22:14","slug":"mentions-legales","status":"publish","type":"page","link":"https:\/\/mc-calorifuge.fr\/index.php\/mentions-legales\/","title":{"rendered":"Mentions l\u00e9gales"},"content":{"rendered":"\t\t<div data-elementor-type=\"wp-page\" data-elementor-id=\"2447\" class=\"elementor elementor-2447\">\n\t\t\t\t\t\t<section class=\"elementor-section elementor-top-section elementor-element elementor-element-08c0cc6 elementor-section-full_width elementor-section-height-default elementor-section-height-default\" data-id=\"08c0cc6\" data-element_type=\"section\" data-settings=\"{&quot;jet_parallax_layout_list&quot;:[]}\">\n\t\t\t\t\t\t<div class=\"elementor-container elementor-column-gap-default\">\n\t\t\t\t\t<div class=\"elementor-column elementor-col-100 elementor-top-column elementor-element elementor-element-ac3ec52\" data-id=\"ac3ec52\" data-element_type=\"column\">\n\t\t\t<div class=\"elementor-widget-wrap elementor-element-populated\">\n\t\t\t\t\t\t<div class=\"elementor-element elementor-element-ea65894 elementor-widget elementor-widget-image\" data-id=\"ea65894\" data-element_type=\"widget\" data-widget_type=\"image.default\">\n\t\t\t\t<div class=\"elementor-widget-container\">\n\t\t\t\t\t\t\t\t\t\t\t\t\t<img fetchpriority=\"high\" decoding=\"async\" width=\"1024\" height=\"499\" src=\"https:\/\/mc-calorifuge.fr\/wp-content\/uploads\/2022\/12\/mentions_legales.jpeg\" class=\"attachment-large size-large wp-image-2450\" alt=\"\" srcset=\"https:\/\/mc-calorifuge.fr\/wp-content\/uploads\/2022\/12\/mentions_legales.jpeg 1024w, https:\/\/mc-calorifuge.fr\/wp-content\/uploads\/2022\/12\/mentions_legales-300x146.jpeg 300w, https:\/\/mc-calorifuge.fr\/wp-content\/uploads\/2022\/12\/mentions_legales-768x374.jpeg 768w, https:\/\/mc-calorifuge.fr\/wp-content\/uploads\/2022\/12\/mentions_legales-600x292.jpeg 600w\" sizes=\"(max-width: 1024px) 100vw, 1024px\" \/>\t\t\t\t\t\t\t\t\t\t\t\t\t<\/div>\n\t\t\t\t<\/div>\n\t\t\t\t\t<\/div>\n\t\t<\/div>\n\t\t\t\t\t<\/div>\n\t\t<\/section>\n\t\t\t\t<section class=\"elementor-section elementor-top-section elementor-element elementor-element-ac0565f elementor-section-stretched elementor-section-boxed elementor-section-height-default elementor-section-height-default\" data-id=\"ac0565f\" data-element_type=\"section\" data-settings=\"{&quot;jet_parallax_layout_list&quot;:[],&quot;stretch_section&quot;:&quot;section-stretched&quot;}\">\n\t\t\t\t\t\t<div class=\"elementor-container elementor-column-gap-default\">\n\t\t\t\t\t<div class=\"elementor-column elementor-col-100 elementor-top-column elementor-element elementor-element-b12204c\" data-id=\"b12204c\" data-element_type=\"column\">\n\t\t\t<div class=\"elementor-widget-wrap elementor-element-populated\">\n\t\t\t\t\t\t<div class=\"elementor-element elementor-element-f3010fe elementor-widget elementor-widget-heading\" data-id=\"f3010fe\" data-element_type=\"widget\" data-widget_type=\"heading.default\">\n\t\t\t\t<div class=\"elementor-widget-container\">\n\t\t\t<h2 class=\"elementor-heading-title elementor-size-default\">MENTIONS L\u00c9GALES MC CALORIFUGE<\/h2>\t\t<\/div>\n\t\t\t\t<\/div>\n\t\t\t\t\t<\/div>\n\t\t<\/div>\n\t\t\t\t\t<\/div>\n\t\t<\/section>\n\t\t\t\t<section class=\"elementor-section elementor-top-section elementor-element elementor-element-6ca34b1 elementor-section-stretched elementor-section-boxed elementor-section-height-default elementor-section-height-default\" data-id=\"6ca34b1\" data-element_type=\"section\" data-settings=\"{&quot;jet_parallax_layout_list&quot;:[],&quot;stretch_section&quot;:&quot;section-stretched&quot;}\">\n\t\t\t\t\t\t<div class=\"elementor-container elementor-column-gap-default\">\n\t\t\t\t\t<div class=\"elementor-column elementor-col-100 elementor-top-column elementor-element elementor-element-84c84ca\" data-id=\"84c84ca\" data-element_type=\"column\">\n\t\t\t<div class=\"elementor-widget-wrap elementor-element-populated\">\n\t\t\t\t\t\t<div class=\"elementor-element elementor-element-90dae8f elementor-widget elementor-widget-heading\" data-id=\"90dae8f\" data-element_type=\"widget\" data-widget_type=\"heading.default\">\n\t\t\t\t<div class=\"elementor-widget-container\">\n\t\t\t<h2 class=\"elementor-heading-title elementor-size-default\">PROPRI\u00c9TAIRE DU SITE<\/h2>\t\t<\/div>\n\t\t\t\t<\/div>\n\t\t\t\t<div class=\"elementor-element elementor-element-0757802 elementor-widget-divider--view-line elementor-widget elementor-widget-divider\" data-id=\"0757802\" data-element_type=\"widget\" data-widget_type=\"divider.default\">\n\t\t\t\t<div class=\"elementor-widget-container\">\n\t\t\t\t\t<div class=\"elementor-divider\">\n\t\t\t<span class=\"elementor-divider-separator\">\n\t\t\t\t\t\t<\/span>\n\t\t<\/div>\n\t\t\t\t<\/div>\n\t\t\t\t<\/div>\n\t\t\t\t<div class=\"elementor-element elementor-element-8cb5623 elementor-widget elementor-widget-text-editor\" data-id=\"8cb5623\" data-element_type=\"widget\" data-widget_type=\"text-editor.default\">\n\t\t\t\t<div class=\"elementor-widget-container\">\n\t\t\t\t\t\t\t<p><strong>MC CALORIFUGE SARL<\/strong><\/p><p>Num\u00e9ro de Siret : 80137626000023<\/p><p>Adresse : 266 avenue DAUMESNIL chez SOFRADOM 75012 Paris<\/p><p>Directeurs de la publication : M. Moussa Camara &amp; M. Djim\u00e9 Baradji<\/p>\t\t\t\t\t\t<\/div>\n\t\t\t\t<\/div>\n\t\t\t\t\t<\/div>\n\t\t<\/div>\n\t\t\t\t\t<\/div>\n\t\t<\/section>\n\t\t\t\t<section class=\"elementor-section elementor-top-section elementor-element elementor-element-7dcec2a elementor-section-stretched elementor-section-boxed elementor-section-height-default elementor-section-height-default\" data-id=\"7dcec2a\" data-element_type=\"section\" data-settings=\"{&quot;jet_parallax_layout_list&quot;:[],&quot;stretch_section&quot;:&quot;section-stretched&quot;}\">\n\t\t\t\t\t\t<div class=\"elementor-container elementor-column-gap-default\">\n\t\t\t\t\t<div class=\"elementor-column elementor-col-100 elementor-top-column elementor-element elementor-element-fc9f9c4\" data-id=\"fc9f9c4\" data-element_type=\"column\">\n\t\t\t<div class=\"elementor-widget-wrap elementor-element-populated\">\n\t\t\t\t\t\t<div class=\"elementor-element elementor-element-fd6ab6f elementor-widget elementor-widget-heading\" data-id=\"fd6ab6f\" data-element_type=\"widget\" data-widget_type=\"heading.default\">\n\t\t\t\t<div class=\"elementor-widget-container\">\n\t\t\t<h2 class=\"elementor-heading-title elementor-size-default\">H\u00c9BERGEMENT DU SITE<\/h2>\t\t<\/div>\n\t\t\t\t<\/div>\n\t\t\t\t<div class=\"elementor-element elementor-element-d2b4afa elementor-widget-divider--view-line elementor-widget elementor-widget-divider\" data-id=\"d2b4afa\" data-element_type=\"widget\" data-widget_type=\"divider.default\">\n\t\t\t\t<div class=\"elementor-widget-container\">\n\t\t\t\t\t<div class=\"elementor-divider\">\n\t\t\t<span class=\"elementor-divider-separator\">\n\t\t\t\t\t\t<\/span>\n\t\t<\/div>\n\t\t\t\t<\/div>\n\t\t\t\t<\/div>\n\t\t\t\t<div class=\"elementor-element elementor-element-94a5177 elementor-widget elementor-widget-text-editor\" data-id=\"94a5177\" data-element_type=\"widget\" data-widget_type=\"text-editor.default\">\n\t\t\t\t<div class=\"elementor-widget-container\">\n\t\t\t\t\t\t\t<p><span style=\"font-weight: 400;\">Ce site est h\u00e9berg\u00e9 chez OVH, 2 rue Kellermann BP 80157<\/span><\/p>\n<p><span style=\"font-weight: 400;\">59033 Roubaix cedex 1 France<\/span><\/p>\n<p><span style=\"font-weight: 400;\">SAS au capital de 10 174 560, 00\u20ac<\/span><\/p>\t\t\t\t\t\t<\/div>\n\t\t\t\t<\/div>\n\t\t\t\t\t<\/div>\n\t\t<\/div>\n\t\t\t\t\t<\/div>\n\t\t<\/section>\n\t\t\t\t<section class=\"elementor-section elementor-top-section elementor-element elementor-element-4454a57 elementor-section-stretched elementor-section-boxed elementor-section-height-default elementor-section-height-default\" data-id=\"4454a57\" data-element_type=\"section\" data-settings=\"{&quot;jet_parallax_layout_list&quot;:[],&quot;stretch_section&quot;:&quot;section-stretched&quot;}\">\n\t\t\t\t\t\t<div class=\"elementor-container elementor-column-gap-default\">\n\t\t\t\t\t<div class=\"elementor-column elementor-col-100 elementor-top-column elementor-element elementor-element-2d2a520\" data-id=\"2d2a520\" data-element_type=\"column\">\n\t\t\t<div class=\"elementor-widget-wrap elementor-element-populated\">\n\t\t\t\t\t\t<div class=\"elementor-element elementor-element-cc7a954 elementor-widget elementor-widget-heading\" data-id=\"cc7a954\" data-element_type=\"widget\" data-widget_type=\"heading.default\">\n\t\t\t\t<div class=\"elementor-widget-container\">\n\t\t\t<h2 class=\"elementor-heading-title elementor-size-default\">CR\u00c9ATION, D\u00c9VELOPPEMENT & LIGNE \u00c9DITORIALE<\/h2>\t\t<\/div>\n\t\t\t\t<\/div>\n\t\t\t\t<div class=\"elementor-element elementor-element-e68a3c0 elementor-widget-divider--view-line elementor-widget elementor-widget-divider\" data-id=\"e68a3c0\" data-element_type=\"widget\" data-widget_type=\"divider.default\">\n\t\t\t\t<div class=\"elementor-widget-container\">\n\t\t\t\t\t<div class=\"elementor-divider\">\n\t\t\t<span class=\"elementor-divider-separator\">\n\t\t\t\t\t\t<\/span>\n\t\t<\/div>\n\t\t\t\t<\/div>\n\t\t\t\t<\/div>\n\t\t\t\t<div class=\"elementor-element elementor-element-cb7ca7c elementor-widget elementor-widget-text-editor\" data-id=\"cb7ca7c\" data-element_type=\"widget\" data-widget_type=\"text-editor.default\">\n\t\t\t\t<div class=\"elementor-widget-container\">\n\t\t\t\t\t\t\t<p><span style=\"text-decoration: underline;\"><a href=\"https:\/\/kliversmedia.com\/\"><span style=\"font-weight: 400;\"><span style=\"color: #ff9900; text-decoration: underline;\">Kliver\u2019s M\u00e9dia<\/span><\/span><\/a><\/span><strong> (Agence de communication web Paris)<\/strong><\/p>\t\t\t\t\t\t<\/div>\n\t\t\t\t<\/div>\n\t\t\t\t\t<\/div>\n\t\t<\/div>\n\t\t\t\t\t<\/div>\n\t\t<\/section>\n\t\t\t\t<section class=\"elementor-section elementor-top-section elementor-element elementor-element-9367024 elementor-section-stretched elementor-section-boxed elementor-section-height-default elementor-section-height-default\" data-id=\"9367024\" data-element_type=\"section\" data-settings=\"{&quot;jet_parallax_layout_list&quot;:[],&quot;stretch_section&quot;:&quot;section-stretched&quot;}\">\n\t\t\t\t\t\t<div class=\"elementor-container elementor-column-gap-default\">\n\t\t\t\t\t<div class=\"elementor-column elementor-col-100 elementor-top-column elementor-element elementor-element-8185c0d\" data-id=\"8185c0d\" data-element_type=\"column\">\n\t\t\t<div class=\"elementor-widget-wrap elementor-element-populated\">\n\t\t\t\t\t\t<div class=\"elementor-element elementor-element-f06a49c elementor-widget elementor-widget-heading\" data-id=\"f06a49c\" data-element_type=\"widget\" data-widget_type=\"heading.default\">\n\t\t\t\t<div class=\"elementor-widget-container\">\n\t\t\t<h2 class=\"elementor-heading-title elementor-size-default\">CR\u00c9DITS PHOTOS<\/h2>\t\t<\/div>\n\t\t\t\t<\/div>\n\t\t\t\t<div class=\"elementor-element elementor-element-b6ba338 elementor-widget-divider--view-line elementor-widget elementor-widget-divider\" data-id=\"b6ba338\" data-element_type=\"widget\" data-widget_type=\"divider.default\">\n\t\t\t\t<div class=\"elementor-widget-container\">\n\t\t\t\t\t<div class=\"elementor-divider\">\n\t\t\t<span class=\"elementor-divider-separator\">\n\t\t\t\t\t\t<\/span>\n\t\t<\/div>\n\t\t\t\t<\/div>\n\t\t\t\t<\/div>\n\t\t\t\t<div class=\"elementor-element elementor-element-1785dca elementor-widget elementor-widget-text-editor\" data-id=\"1785dca\" data-element_type=\"widget\" data-widget_type=\"text-editor.default\">\n\t\t\t\t<div class=\"elementor-widget-container\">\n\t\t\t\t\t\t\t<p><span style=\"font-weight: 400;\">D\u00e9positphotos<\/span><\/p>\t\t\t\t\t\t<\/div>\n\t\t\t\t<\/div>\n\t\t\t\t\t<\/div>\n\t\t<\/div>\n\t\t\t\t\t<\/div>\n\t\t<\/section>\n\t\t\t\t<section class=\"elementor-section elementor-top-section elementor-element elementor-element-e12e00e elementor-section-stretched elementor-section-boxed elementor-section-height-default elementor-section-height-default\" data-id=\"e12e00e\" data-element_type=\"section\" data-settings=\"{&quot;jet_parallax_layout_list&quot;:[],&quot;stretch_section&quot;:&quot;section-stretched&quot;}\">\n\t\t\t\t\t\t<div class=\"elementor-container elementor-column-gap-default\">\n\t\t\t\t\t<div class=\"elementor-column elementor-col-100 elementor-top-column elementor-element elementor-element-b581b7b\" data-id=\"b581b7b\" data-element_type=\"column\">\n\t\t\t<div class=\"elementor-widget-wrap elementor-element-populated\">\n\t\t\t\t\t\t<div class=\"elementor-element elementor-element-242030e elementor-widget elementor-widget-heading\" data-id=\"242030e\" data-element_type=\"widget\" data-widget_type=\"heading.default\">\n\t\t\t\t<div class=\"elementor-widget-container\">\n\t\t\t<h2 class=\"elementor-heading-title elementor-size-default\">PROPRI\u00c9T\u00c9 INTELLECTUELLE<\/h2>\t\t<\/div>\n\t\t\t\t<\/div>\n\t\t\t\t<div class=\"elementor-element elementor-element-df042a9 elementor-widget-divider--view-line elementor-widget elementor-widget-divider\" data-id=\"df042a9\" data-element_type=\"widget\" data-widget_type=\"divider.default\">\n\t\t\t\t<div class=\"elementor-widget-container\">\n\t\t\t\t\t<div class=\"elementor-divider\">\n\t\t\t<span class=\"elementor-divider-separator\">\n\t\t\t\t\t\t<\/span>\n\t\t<\/div>\n\t\t\t\t<\/div>\n\t\t\t\t<\/div>\n\t\t\t\t<div class=\"elementor-element elementor-element-e6381c3 elementor-widget elementor-widget-text-editor\" data-id=\"e6381c3\" data-element_type=\"widget\" data-widget_type=\"text-editor.default\">\n\t\t\t\t<div class=\"elementor-widget-container\">\n\t\t\t\t\t\t\t<p>Le site de MC CALORIFUGE est une \u0153uvre de cr\u00e9ation, propri\u00e9t\u00e9 exclusive, prot\u00e9g\u00e9 par la l\u00e9gislation fran\u00e7aise et internationale sur le droit de la propri\u00e9t\u00e9 intellectuelle.<\/p><p>Toute reproduction ou distribution non autoris\u00e9e de tout ou partie des \u00e9l\u00e9ments et informations de ce site est interdite.<\/p><p>Le contenu est disponible pour un usage priv\u00e9 et non collectif. Le Code de la propri\u00e9t\u00e9 intellectuelle n&#8217;autorise pas, aux termes de l\u2019article L. 122-5.2, tout d&#8217;abord, que les \u00ab copies ou reproductions strictement r\u00e9serv\u00e9es \u00e0 l\u2019usage priv\u00e9 du copiste et non destin\u00e9es \u00e0 une utilisation collective \u00bb et, que les analyses et les courtes citations dans un but d\u2019exemple et d\u2019illustration.<\/p><p>\u00ab Toute repr\u00e9sentation ou reproduction int\u00e9grale ou partielle faite sans le consentement de l\u2019auteur ou de ses ayants droit ou ayants cause est illicite \u00bb(art. L. 122-4). Cette repr\u00e9sentation ou reproduction, par quelques proc\u00e9d\u00e9s que ce soit, constituerait donc une contrefa\u00e7on sanctionn\u00e9e par les articles L.335-2 et suivants du Code de la propri\u00e9t\u00e9 intellectuelle.<\/p>\t\t\t\t\t\t<\/div>\n\t\t\t\t<\/div>\n\t\t\t\t\t<\/div>\n\t\t<\/div>\n\t\t\t\t\t<\/div>\n\t\t<\/section>\n\t\t\t\t<\/div>\n\t\t","protected":false},"excerpt":{"rendered":"<p>MENTIONS L\u00c9GALES MC CALORIFUGE PROPRI\u00c9TAIRE DU SITE MC CALORIFUGE SARL Num\u00e9ro de Siret : 80137626000023 Adresse : 266 avenue DAUMESNIL chez SOFRADOM 75012 Paris Directeurs de la publication : M. Moussa Camara &amp; M. Djim\u00e9 Baradji H\u00c9BERGEMENT DU SITE Ce site est h\u00e9berg\u00e9 chez OVH, 2 rue Kellermann BP 80157 59033 Roubaix cedex 1 France [&hellip;]<\/p>\n","protected":false},"author":2,"featured_media":0,"parent":0,"menu_order":0,"comment_status":"closed","ping_status":"closed","template":"elementor_header_footer","meta":{"ocean_post_layout":"","ocean_both_sidebars_style":"","ocean_both_sidebars_content_width":0,"ocean_both_sidebars_sidebars_width":0,"ocean_sidebar":"0","ocean_second_sidebar":"0","ocean_disable_margins":"enable","ocean_add_body_class":"","ocean_shortcode_before_top_bar":"","ocean_shortcode_after_top_bar":"","ocean_shortcode_before_header":"","ocean_shortcode_after_header":"","ocean_has_shortcode":"","ocean_shortcode_after_title":"","ocean_shortcode_before_footer_widgets":"","ocean_shortcode_after_footer_widgets":"","ocean_shortcode_before_footer_bottom":"","ocean_shortcode_after_footer_bottom":"","ocean_display_top_bar":"default","ocean_display_header":"default","ocean_header_style":"","ocean_center_header_left_menu":"0","ocean_custom_header_template":"0","ocean_custom_logo":0,"ocean_custom_retina_logo":0,"ocean_custom_logo_max_width":0,"ocean_custom_logo_tablet_max_width":0,"ocean_custom_logo_mobile_max_width":0,"ocean_custom_logo_max_height":0,"ocean_custom_logo_tablet_max_height":0,"ocean_custom_logo_mobile_max_height":0,"ocean_header_custom_menu":"0","ocean_menu_typo_font_family":"0","ocean_menu_typo_font_subset":"","ocean_menu_typo_font_size":0,"ocean_menu_typo_font_size_tablet":0,"ocean_menu_typo_font_size_mobile":0,"ocean_menu_typo_font_size_unit":"px","ocean_menu_typo_font_weight":"","ocean_menu_typo_font_weight_tablet":"","ocean_menu_typo_font_weight_mobile":"","ocean_menu_typo_transform":"","ocean_menu_typo_transform_tablet":"","ocean_menu_typo_transform_mobile":"","ocean_menu_typo_line_height":0,"ocean_menu_typo_line_height_tablet":0,"ocean_menu_typo_line_height_mobile":0,"ocean_menu_typo_line_height_unit":"","ocean_menu_typo_spacing":0,"ocean_menu_typo_spacing_tablet":0,"ocean_menu_typo_spacing_mobile":0,"ocean_menu_typo_spacing_unit":"","ocean_menu_link_color":"","ocean_menu_link_color_hover":"","ocean_menu_link_color_active":"","ocean_menu_link_background":"","ocean_menu_link_hover_background":"","ocean_menu_link_active_background":"","ocean_menu_social_links_bg":"","ocean_menu_social_hover_links_bg":"","ocean_menu_social_links_color":"","ocean_menu_social_hover_links_color":"","ocean_disable_title":"on","ocean_disable_heading":"default","ocean_post_title":"","ocean_post_subheading":"","ocean_post_title_style":"","ocean_post_title_background_color":"","ocean_post_title_background":0,"ocean_post_title_bg_image_position":"","ocean_post_title_bg_image_attachment":"","ocean_post_title_bg_image_repeat":"","ocean_post_title_bg_image_size":"","ocean_post_title_height":0,"ocean_post_title_bg_overlay":0.5,"ocean_post_title_bg_overlay_color":"","ocean_disable_breadcrumbs":"default","ocean_breadcrumbs_color":"","ocean_breadcrumbs_separator_color":"","ocean_breadcrumbs_links_color":"","ocean_breadcrumbs_links_hover_color":"","ocean_display_footer_widgets":"default","ocean_display_footer_bottom":"default","ocean_custom_footer_template":"0","_themeisle_gutenberg_block_has_review":false,"footnotes":""},"class_list":["post-2447","page","type-page","status-publish","hentry","entry","owp-thumbs-layout-horizontal","owp-btn-normal","owp-tabs-layout-horizontal","has-no-thumbnails","has-product-nav"],"yoast_head":"<!-- This site is optimized with the Yoast SEO plugin v19.14 - https:\/\/yoast.com\/wordpress\/plugins\/seo\/ -->\n<title>Mentions l\u00e9gales - wordpress-680753-2241296.cloudwaysapps.com<\/title>\n<meta name=\"robots\" content=\"noindex, follow, max-snippet:-1, max-image-preview:large, max-video-preview:-1\" \/>\n<meta property=\"og:locale\" content=\"fr_FR\" \/>\n<meta property=\"og:type\" content=\"article\" \/>\n<meta property=\"og:title\" content=\"Mentions l\u00e9gales - wordpress-680753-2241296.cloudwaysapps.com\" \/>\n<meta property=\"og:description\" content=\"MENTIONS L\u00c9GALES MC CALORIFUGE PROPRI\u00c9TAIRE DU SITE MC CALORIFUGE SARL Num\u00e9ro de Siret : 80137626000023 Adresse : 266 avenue DAUMESNIL chez SOFRADOM 75012 Paris Directeurs de la publication : M. Moussa Camara &amp; M. Djim\u00e9 Baradji H\u00c9BERGEMENT DU SITE Ce site est h\u00e9berg\u00e9 chez OVH, 2 rue Kellermann BP 80157 59033 Roubaix cedex 1 France [&hellip;]\" \/>\n<meta property=\"og:url\" content=\"https:\/\/mc-calorifuge.fr\/index.php\/mentions-legales\/\" \/>\n<meta property=\"og:site_name\" content=\"wordpress-680753-2241296.cloudwaysapps.com\" \/>\n<meta property=\"article:publisher\" content=\"https:\/\/www.facebook.com\/profile.php?id=100069284468732\" \/>\n<meta property=\"article:modified_time\" content=\"2022-12-24T17:22:14+00:00\" \/>\n<meta property=\"og:image\" content=\"http:\/\/mc-calorifuge.fr\/wp-content\/uploads\/2022\/12\/mentions_legales.jpeg\" \/>\n<meta name=\"twitter:card\" content=\"summary_large_image\" \/>\n<meta name=\"twitter:label1\" content=\"Dur\u00e9e de lecture estim\u00e9e\" \/>\n\t<meta name=\"twitter:data1\" content=\"2 minutes\" \/>\n<script type=\"application\/ld+json\" class=\"yoast-schema-graph\">{\"@context\":\"https:\/\/schema.org\",\"@graph\":[{\"@type\":\"WebPage\",\"@id\":\"https:\/\/mc-calorifuge.fr\/index.php\/mentions-legales\/\",\"url\":\"https:\/\/mc-calorifuge.fr\/index.php\/mentions-legales\/\",\"name\":\"Mentions l\u00e9gales - wordpress-680753-2241296.cloudwaysapps.com\",\"isPartOf\":{\"@id\":\"https:\/\/mc-calorifuge.fr\/#website\"},\"datePublished\":\"2022-12-19T07:54:31+00:00\",\"dateModified\":\"2022-12-24T17:22:14+00:00\",\"breadcrumb\":{\"@id\":\"https:\/\/mc-calorifuge.fr\/index.php\/mentions-legales\/#breadcrumb\"},\"inLanguage\":\"fr-FR\",\"potentialAction\":[{\"@type\":\"ReadAction\",\"target\":[\"https:\/\/mc-calorifuge.fr\/index.php\/mentions-legales\/\"]}]},{\"@type\":\"BreadcrumbList\",\"@id\":\"https:\/\/mc-calorifuge.fr\/index.php\/mentions-legales\/#breadcrumb\",\"itemListElement\":[{\"@type\":\"ListItem\",\"position\":1,\"name\":\"Accueil\",\"item\":\"https:\/\/mc-calorifuge.fr\/\"},{\"@type\":\"ListItem\",\"position\":2,\"name\":\"Mentions l\u00e9gales\"}]},{\"@type\":\"WebSite\",\"@id\":\"https:\/\/mc-calorifuge.fr\/#website\",\"url\":\"https:\/\/mc-calorifuge.fr\/\",\"name\":\"wordpress-680753-2241296.cloudwaysapps.com\",\"description\":\"Just another WordPress site\",\"publisher\":{\"@id\":\"https:\/\/mc-calorifuge.fr\/#organization\"},\"potentialAction\":[{\"@type\":\"SearchAction\",\"target\":{\"@type\":\"EntryPoint\",\"urlTemplate\":\"https:\/\/mc-calorifuge.fr\/?s={search_term_string}\"},\"query-input\":\"required name=search_term_string\"}],\"inLanguage\":\"fr-FR\"},{\"@type\":\"Organization\",\"@id\":\"https:\/\/mc-calorifuge.fr\/#organization\",\"name\":\"wordpress-680753-2241296.cloudwaysapps.com\",\"url\":\"https:\/\/mc-calorifuge.fr\/\",\"logo\":{\"@type\":\"ImageObject\",\"inLanguage\":\"fr-FR\",\"@id\":\"https:\/\/mc-calorifuge.fr\/#\/schema\/logo\/image\/\",\"url\":\"https:\/\/mc-calorifuge.fr\/wp-content\/uploads\/2022\/11\/cropped-9E4ED811-62BB-4E6B-9F93-66A2D07163B4_4_5005_c-1.png\",\"contentUrl\":\"https:\/\/mc-calorifuge.fr\/wp-content\/uploads\/2022\/11\/cropped-9E4ED811-62BB-4E6B-9F93-66A2D07163B4_4_5005_c-1.png\",\"width\":317,\"height\":267,\"caption\":\"wordpress-680753-2241296.cloudwaysapps.com\"},\"image\":{\"@id\":\"https:\/\/mc-calorifuge.fr\/#\/schema\/logo\/image\/\"},\"sameAs\":[\"https:\/\/www.facebook.com\/profile.php?id=100069284468732\"]}]}<\/script>\n<!-- \/ Yoast SEO plugin. -->","yoast_head_json":{"title":"Mentions l\u00e9gales - wordpress-680753-2241296.cloudwaysapps.com","robots":{"index":"noindex","follow":"follow","max-snippet":"max-snippet:-1","max-image-preview":"max-image-preview:large","max-video-preview":"max-video-preview:-1"},"og_locale":"fr_FR","og_type":"article","og_title":"Mentions l\u00e9gales - wordpress-680753-2241296.cloudwaysapps.com","og_description":"MENTIONS L\u00c9GALES MC CALORIFUGE PROPRI\u00c9TAIRE DU SITE MC CALORIFUGE SARL Num\u00e9ro de Siret : 80137626000023 Adresse : 266 avenue DAUMESNIL chez SOFRADOM 75012 Paris Directeurs de la publication : M. Moussa Camara &amp; M. Djim\u00e9 Baradji H\u00c9BERGEMENT DU SITE Ce site est h\u00e9berg\u00e9 chez OVH, 2 rue Kellermann BP 80157 59033 Roubaix cedex 1 France [&hellip;]","og_url":"https:\/\/mc-calorifuge.fr\/index.php\/mentions-legales\/","og_site_name":"wordpress-680753-2241296.cloudwaysapps.com","article_publisher":"https:\/\/www.facebook.com\/profile.php?id=100069284468732","article_modified_time":"2022-12-24T17:22:14+00:00","og_image":[{"url":"http:\/\/mc-calorifuge.fr\/wp-content\/uploads\/2022\/12\/mentions_legales.jpeg"}],"twitter_card":"summary_large_image","twitter_misc":{"Dur\u00e9e de lecture estim\u00e9e":"2 minutes"},"schema":{"@context":"https:\/\/schema.org","@graph":[{"@type":"WebPage","@id":"https:\/\/mc-calorifuge.fr\/index.php\/mentions-legales\/","url":"https:\/\/mc-calorifuge.fr\/index.php\/mentions-legales\/","name":"Mentions l\u00e9gales - wordpress-680753-2241296.cloudwaysapps.com","isPartOf":{"@id":"https:\/\/mc-calorifuge.fr\/#website"},"datePublished":"2022-12-19T07:54:31+00:00","dateModified":"2022-12-24T17:22:14+00:00","breadcrumb":{"@id":"https:\/\/mc-calorifuge.fr\/index.php\/mentions-legales\/#breadcrumb"},"inLanguage":"fr-FR","potentialAction":[{"@type":"ReadAction","target":["https:\/\/mc-calorifuge.fr\/index.php\/mentions-legales\/"]}]},{"@type":"BreadcrumbList","@id":"https:\/\/mc-calorifuge.fr\/index.php\/mentions-legales\/#breadcrumb","itemListElement":[{"@type":"ListItem","position":1,"name":"Accueil","item":"https:\/\/mc-calorifuge.fr\/"},{"@type":"ListItem","position":2,"name":"Mentions l\u00e9gales"}]},{"@type":"WebSite","@id":"https:\/\/mc-calorifuge.fr\/#website","url":"https:\/\/mc-calorifuge.fr\/","name":"wordpress-680753-2241296.cloudwaysapps.com","description":"Just another WordPress site","publisher":{"@id":"https:\/\/mc-calorifuge.fr\/#organization"},"potentialAction":[{"@type":"SearchAction","target":{"@type":"EntryPoint","urlTemplate":"https:\/\/mc-calorifuge.fr\/?s={search_term_string}"},"query-input":"required name=search_term_string"}],"inLanguage":"fr-FR"},{"@type":"Organization","@id":"https:\/\/mc-calorifuge.fr\/#organization","name":"wordpress-680753-2241296.cloudwaysapps.com","url":"https:\/\/mc-calorifuge.fr\/","logo":{"@type":"ImageObject","inLanguage":"fr-FR","@id":"https:\/\/mc-calorifuge.fr\/#\/schema\/logo\/image\/","url":"https:\/\/mc-calorifuge.fr\/wp-content\/uploads\/2022\/11\/cropped-9E4ED811-62BB-4E6B-9F93-66A2D07163B4_4_5005_c-1.png","contentUrl":"https:\/\/mc-calorifuge.fr\/wp-content\/uploads\/2022\/11\/cropped-9E4ED811-62BB-4E6B-9F93-66A2D07163B4_4_5005_c-1.png","width":317,"height":267,"caption":"wordpress-680753-2241296.cloudwaysapps.com"},"image":{"@id":"https:\/\/mc-calorifuge.fr\/#\/schema\/logo\/image\/"},"sameAs":["https:\/\/www.facebook.com\/profile.php?id=100069284468732"]}]}},"_links":{"self":[{"href":"https:\/\/mc-calorifuge.fr\/index.php\/wp-json\/wp\/v2\/pages\/2447"}],"collection":[{"href":"https:\/\/mc-calorifuge.fr\/index.php\/wp-json\/wp\/v2\/pages"}],"about":[{"href":"https:\/\/mc-calorifuge.fr\/index.php\/wp-json\/wp\/v2\/types\/page"}],"author":[{"embeddable":true,"href":"https:\/\/mc-calorifuge.fr\/index.php\/wp-json\/wp\/v2\/users\/2"}],"replies":[{"embeddable":true,"href":"https:\/\/mc-calorifuge.fr\/index.php\/wp-json\/wp\/v2\/comments?post=2447"}],"version-history":[{"count":47,"href":"https:\/\/mc-calorifuge.fr\/index.php\/wp-json\/wp\/v2\/pages\/2447\/revisions"}],"predecessor-version":[{"id":2608,"href":"https:\/\/mc-calorifuge.fr\/index.php\/wp-json\/wp\/v2\/pages\/2447\/revisions\/2608"}],"wp:attachment":[{"href":"https:\/\/mc-calorifuge.fr\/index.php\/wp-json\/wp\/v2\/media?parent=2447"}],"curies":[{"name":"wp","href":"https:\/\/api.w.org\/{rel}","templated":true}]}}